{"id":45,"date":"2025-08-06T10:36:51","date_gmt":"2025-08-06T09:36:51","guid":{"rendered":"https:\/\/unescobih.mcp.gov.ba\/mandat-unesco-a\/"},"modified":"2025-12-01T10:32:36","modified_gmt":"2025-12-01T09:32:36","slug":"mandat-unesco-a","status":"publish","type":"page","link":"https:\/\/unescobih.mcp.gov.ba\/hr\/mandat-unesco-a\/","title":{"rendered":"Mandat UNESCO-a"},"content":{"rendered":"<div class=\"fusion-fullwidth fullwidth-box fusion-builder-row-1 fusion-flex-container has-pattern-background has-mask-background nonhundred-percent-fullwidth non-hundred-percent-height-scrolling\" style=\"--awb-border-radius-top-left:0px;--awb-border-radius-top-right:0px;--awb-border-radius-bottom-right:0px;--awb-border-radius-bottom-left:0px;--awb-flex-wrap:wrap;\" ><div class=\"fusion-builder-row fusion-row fusion-flex-align-items-flex-start fusion-flex-content-wrap\" style=\"max-width:1456px;margin-left: calc(-4% \/ 2 );margin-right: calc(-4% \/ 2 );\"><div class=\"fusion-layout-column fusion_builder_column fusion-builder-column-0 fusion_builder_column_3_4 3_4 fusion-flex-column\" style=\"--awb-bg-size:cover;--awb-width-large:75%;--awb-margin-top-large:0px;--awb-spacing-right-large:2.56%;--awb-margin-bottom-large:20px;--awb-spacing-left-large:2.56%;--awb-width-medium:75%;--awb-order-medium:0;--awb-spacing-right-medium:2.56%;--awb-spacing-left-medium:2.56%;--awb-width-small:100%;--awb-order-small:0;--awb-spacing-right-small:1.92%;--awb-spacing-left-small:1.92%;\"><div class=\"fusion-column-wrapper fusion-column-has-shadow fusion-flex-justify-content-flex-start fusion-content-layout-column\"><div class=\"fusion-text fusion-text-1\"><p class=\"uvod\">Organizacija Ujedinjenih naroda za obrazovanje, znanost i kulturu (UNESCO) osnovana je 16. studenog 1945. godine. Kroz svoje aktivnosti i projekte, UNESCO obavlja niz funkcija u skladu sa svojom ulogom vode\u0107e agencije za obrazovanje, znanost, kulturu i komunikacije.<\/p>\n<p>Preambula ustava UNESCO-a sadr\u017ei sljede\u0107u poruku: \u201eRatovi se ra\u0111aju u svijesti \u010dovjeka, u svijesti \u010dovjeka treba graditi i obranu mira\u201d<\/p>\n<p>Misija Organizacije definirana je na sljede\u0107i na\u010din: \u201edoprinos miru i sigurnosti kroz promicanje suradnje me\u0111u narodima putem obrazovanja, znanosti i kulture u cilju budu\u0107eg univerzalnog po\u0161tovanja pravde, vladavine prava, ljudskih prava i temeljnih sloboda koje priznaju narodi svijeta bez obzira na rasu, spol, jezik ili religiju, u skladu s Poveljom Ujedinjenih naroda\u201d.<\/p>\n<p><strong>Organizacija je u svom radu fokusirana na dva globalna prioriteta:<\/strong><\/p>\n<ul>\n<li>Afrika<\/li>\n<li>Rodna ravnopravnost<\/li>\n<\/ul>\n<p><strong>Kao i na brojne pojedina\u010dne ciljeve:<\/strong><\/p>\n<ul>\n<li>Postizanje kvalitetnog \u201eobrazovanja za sve\u201d i cjelo\u017eivotnog u\u010denja<\/li>\n<li>Mobilizacija znanstvenog znanja i politika za postizanje odr\u017eivog razvoja<\/li>\n<li>Bavljenje rastu\u0107im dru\u0161tvenim i eti\u010dkim izazovima<\/li>\n<li>O\u010duvanje kulturne raznolikosti, interkulturalnog dijaloga i kulture mira<\/li>\n<li>Izgradnja inkluzivnih dru\u0161tava znanja pomo\u0107u informacija i komunikacija XXXX znanja pomo\u0107u informacija i komunikacija<\/li>\n<\/ul>\n<p>UNESCO link <a class=\"fb-icon-element-1 fb-icon-element fontawesome-icon fa-link fas circle-no fusion-text-flow fusion-link icon-hover-animation-pulsate\" style=\"--awb-font-size:16px;--awb-margin-right:8px;\" href=\"https:\/\/www.unesco.org\/en\" target=\"_blank\" aria-label=\"Link to https:\/\/www.unesco.org\/en\" rel=\"noopener noreferrer\"><\/a>.<\/p>\n<h3>Radna tijela i organizacija rada<\/h3>\n<p>UNESCO-a UNESCO \u010dine 193 dr\u017eave \u010dlanice i 7 pridru\u017eenih. Dr\u017eave \u010dlanice su podijeljene prema pet regionalnih grupa: Afrika, Arapske dr\u017eave, Azija i Pacifik, Europa i Sjeverna Amerika i Latinska Amerika i Karibi.<\/p>\n<p>Glavno sjedi\u0161te Organizacije je u Parizu. Aktivnosti Organizacije provode se i kroz \u0161ezdesetak regionalnih ureda i instituta \u0161irom svijeta.<\/p>\n<p>Radna tijela UNESCO-a su:<\/p>\n<p><strong>Generalna skup\u0161tina<\/strong> &#8211; je osnovno tijelo na kojem odluke donose sve dr\u017eave \u010dlanice. Sastaje se svake dvije godine kako bi se utvrdila glavna strategija i podru\u010dja rada Organizacije.<\/p>\n<p><strong>Izvr\u0161ni odbor<\/strong> &#8211; sastavljen je od 58 dr\u017eava \u010dlanica, sastaje se barem dva puta godi\u0161nje kako bi osigurao provo\u0111enje odluka generalne skup\u0161tine, odgovoran je za pripremu generalne skup\u0161tine i razmatranje programa i prora\u010duna Organizacije.<\/p>\n<p><strong>Sekretarijat<\/strong> &#8211; \u010dine osoblje UNESCO-a zadu\u017eeno za realizaciju razli\u010ditih programa.<\/p>\n<h3>Generalni direktor UNESCO-a<\/h3>\n<p>Generalni direktor UNESCO-a zadu\u017een je za rukovo\u0111enje Organizacijom te u skladu s tim oblikuje prijedloge za implementaciju putem Generalne skup\u0161tine i Izvr\u0161nog odbora i priprema nacrt programa i prora\u010duna za dvogodi\u0161nje razdoblje. Generalni direktor UNESCO-a je gdin Khaled El-Enany.<\/p>\n<\/div><\/div><\/div><div class=\"fusion-layout-column fusion_builder_column fusion-builder-column-1 awb-sticky awb-sticky-small awb-sticky-medium awb-sticky-large fusion_builder_column_1_4 1_4 fusion-flex-column\" style=\"--awb-padding-top:50px;--awb-padding-right:20px;--awb-padding-bottom:10px;--awb-padding-left:50px;--awb-overflow:hidden;--awb-bg-color:var(--awb-color3);--awb-bg-color-hover:var(--awb-color3);--awb-bg-size:cover;--awb-border-color:var(--awb-color5);--awb-border-left:3px;--awb-border-style:solid;--awb-border-radius:0px 0px 90px 0px;--awb-width-large:25%;--awb-margin-top-large:0px;--awb-spacing-right-large:7.68%;--awb-margin-bottom-large:20px;--awb-spacing-left-large:7.68%;--awb-width-medium:25%;--awb-order-medium:0;--awb-spacing-right-medium:7.68%;--awb-spacing-left-medium:7.68%;--awb-width-small:100%;--awb-order-small:0;--awb-spacing-right-small:1.92%;--awb-spacing-left-small:1.92%;\" data-scroll-devices=\"small-visibility,medium-visibility,large-visibility\"><div class=\"fusion-column-wrapper fusion-column-has-shadow fusion-flex-justify-content-flex-start fusion-content-layout-column\"><div class=\"fusion-image-element \" style=\"--awb-caption-title-font-family:var(--h2_typography-font-family);--awb-caption-title-font-weight:var(--h2_typography-font-weight);--awb-caption-title-font-style:var(--h2_typography-font-style);--awb-caption-title-size:var(--h2_typography-font-size);--awb-caption-title-transform:var(--h2_typography-text-transform);--awb-caption-title-line-height:var(--h2_typography-line-height);--awb-caption-title-letter-spacing:var(--h2_typography-letter-spacing);\"><span class=\" has-fusion-standard-logo fusion-imageframe imageframe-none imageframe-1 hover-type-none\"><img decoding=\"async\" src=\"https:\/\/unescobih.mcp.gov.ba\/wp-content\/uploads\/2025\/08\/unesco_logo_hr_ba.svg\" srcset=\"https:\/\/unescobih.mcp.gov.ba\/wp-content\/uploads\/2025\/08\/unesco_logo_hr_ba.svg 1x\" retina_url=\"\" class=\"img-responsive fusion-standard-logo\" alt=\"UNESCO BiH Logo\" \/><\/span><\/div><div class=\"fusion-separator fusion-has-icon fusion-full-width-sep\" style=\"align-self: center;margin-left: auto;margin-right: auto;margin-top:50px;margin-bottom:20px;width:100%;\"><div class=\"fusion-separator-border sep-single sep-solid\" style=\"--awb-height:20px;--awb-amount:20px;border-color:var(--awb-color3);border-top-width:1px;\"><\/div><span class=\"icon-wrapper\" style=\"border-color:var(--awb-color3);background-color:rgba(255,255,255,0);font-size:18px;width: 1.75em; height: 1.75em;border-width:1px;padding:1px;margin-top:-0.5px\"><i class=\"fa-link fas\" style=\"font-size: inherit;color:var(--awb-color5);\" aria-hidden=\"true\"><\/i><\/span><div class=\"fusion-separator-border sep-single sep-solid\" style=\"--awb-height:20px;--awb-amount:20px;border-color:var(--awb-color3);border-top-width:1px;\"><\/div><\/div><nav class=\"awb-menu awb-menu_column awb-menu_em-hover mobile-mode-collapse-to-button awb-menu_icons-left awb-menu_dc-yes mobile-trigger-fullwidth-off awb-menu_mobile-toggle awb-menu_indent-left mobile-size-full-absolute loading mega-menu-loading awb-menu_desktop awb-menu_arrows-main awb-menu_dropdown awb-menu_expand-right awb-menu_transition-fade\" style=\"--awb-main-justify-content:flex-start;--awb-mobile-justify:flex-start;--awb-mobile-caret-left:auto;--awb-mobile-caret-right:0;--awb-fusion-font-family-typography:inherit;--awb-fusion-font-style-typography:normal;--awb-fusion-font-weight-typography:400;--awb-fusion-font-family-submenu-typography:inherit;--awb-fusion-font-style-submenu-typography:normal;--awb-fusion-font-weight-submenu-typography:400;--awb-fusion-font-family-mobile-typography:inherit;--awb-fusion-font-style-mobile-typography:normal;--awb-fusion-font-weight-mobile-typography:400;\" aria-label=\"Mandat Menu\" data-breakpoint=\"1024\" data-count=\"0\" data-transition-type=\"fade\" data-transition-time=\"300\" data-expand=\"right\"><button type=\"button\" class=\"awb-menu__m-toggle awb-menu__m-toggle_no-text\" aria-expanded=\"false\" aria-controls=\"menu-mandat-menu\"><span class=\"awb-menu__m-toggle-inner\"><span class=\"collapsed-nav-text\"><span class=\"screen-reader-text\">Toggle Navigation<\/span><\/span><span class=\"awb-menu__m-collapse-icon awb-menu__m-collapse-icon_no-text\"><span class=\"awb-menu__m-collapse-icon-open awb-menu__m-collapse-icon-open_no-text fa-bars fas\"><\/span><span class=\"awb-menu__m-collapse-icon-close awb-menu__m-collapse-icon-close_no-text fa-times fas\"><\/span><\/span><\/span><\/button><ul id=\"menu-mandat-menu-hr\" class=\"fusion-menu awb-menu__main-ul awb-menu__main-ul_column\"><li  id=\"menu-item-1442\"  class=\"menu-item menu-item-type-post_type menu-item-object-page menu-item-1442 awb-menu__li awb-menu__main-li awb-menu__main-li_regular\"  data-item-id=\"1442\"><span class=\"awb-menu__main-background-default awb-menu__main-background-default_fade\"><\/span><span class=\"awb-menu__main-background-active awb-menu__main-background-active_fade\"><\/span><a  href=\"https:\/\/unescobih.mcp.gov.ba\/hr\/mandat-unesco-a\/\" class=\"awb-menu__main-a awb-menu__main-a_regular\"><span class=\"menu-text\">Mandat UNESCO-a<\/span><\/a><\/li><li  id=\"menu-item-1443\"  class=\"menu-item menu-item-type-post_type menu-item-object-page menu-item-1443 awb-menu__li awb-menu__main-li awb-menu__main-li_regular\"  data-item-id=\"1443\"><span class=\"awb-menu__main-background-default awb-menu__main-background-default_fade\"><\/span><span class=\"awb-menu__main-background-active awb-menu__main-background-active_fade\"><\/span><a  href=\"https:\/\/unescobih.mcp.gov.ba\/hr\/mandat-unesco-a\/kultura\/\" class=\"awb-menu__main-a awb-menu__main-a_regular\"><span class=\"menu-text\">Kultura<\/span><\/a><\/li><li  id=\"menu-item-1444\"  class=\"menu-item menu-item-type-post_type menu-item-object-page menu-item-1444 awb-menu__li awb-menu__main-li awb-menu__main-li_regular\"  data-item-id=\"1444\"><span class=\"awb-menu__main-background-default awb-menu__main-background-default_fade\"><\/span><span class=\"awb-menu__main-background-active awb-menu__main-background-active_fade\"><\/span><a  href=\"https:\/\/unescobih.mcp.gov.ba\/hr\/mandat-unesco-a\/obrazovanje\/\" class=\"awb-menu__main-a awb-menu__main-a_regular\"><span class=\"menu-text\">Obrazovanje<\/span><\/a><\/li><li  id=\"menu-item-1445\"  class=\"menu-item menu-item-type-post_type menu-item-object-page menu-item-1445 awb-menu__li awb-menu__main-li awb-menu__main-li_regular\"  data-item-id=\"1445\"><span class=\"awb-menu__main-background-default awb-menu__main-background-default_fade\"><\/span><span class=\"awb-menu__main-background-active awb-menu__main-background-active_fade\"><\/span><a  href=\"https:\/\/unescobih.mcp.gov.ba\/hr\/mandat-unesco-a\/informacije-i-komunikacije\/\" class=\"awb-menu__main-a awb-menu__main-a_regular\"><span class=\"menu-text\">Informacije i komunikacije<\/span><\/a><\/li><li  id=\"menu-item-1446\"  class=\"menu-item menu-item-type-post_type menu-item-object-page menu-item-1446 awb-menu__li awb-menu__main-li awb-menu__main-li_regular\"  data-item-id=\"1446\"><span class=\"awb-menu__main-background-default awb-menu__main-background-default_fade\"><\/span><span class=\"awb-menu__main-background-active awb-menu__main-background-active_fade\"><\/span><a  href=\"https:\/\/unescobih.mcp.gov.ba\/hr\/znanost\/\" class=\"awb-menu__main-a awb-menu__main-a_regular\"><span class=\"menu-text\">Znanost<\/span><\/a><\/li><\/ul><\/nav><div class=\"fusion-separator fusion-has-icon fusion-full-width-sep\" style=\"align-self: center;margin-left: auto;margin-right: auto;margin-top:20px;margin-bottom:50px;width:100%;\"><div class=\"fusion-separator-border sep-single sep-solid\" style=\"--awb-height:20px;--awb-amount:20px;border-color:var(--awb-color3);border-top-width:1px;\"><\/div><span class=\"icon-wrapper\" style=\"border-color:var(--awb-color3);background-color:rgba(255,255,255,0);font-size:18px;width: 1.75em; height: 1.75em;border-width:1px;padding:1px;margin-top:-0.5px\"><i class=\"fa-link fas\" style=\"font-size: inherit;color:var(--awb-color5);\" aria-hidden=\"true\"><\/i><\/span><div class=\"fusion-separator-border sep-single sep-solid\" style=\"--awb-height:20px;--awb-amount:20px;border-color:var(--awb-color3);border-top-width:1px;\"><\/div><\/div><\/div><\/div>\n<\/div><\/div>\n","protected":false},"excerpt":{"rendered":"","protected":false},"author":1,"featured_media":0,"parent":0,"menu_order":0,"comment_status":"closed","ping_status":"closed","template":"100-width.php","meta":{"footnotes":""},"class_list":["post-45","page","type-page","status-publish","hentry"],"_links":{"self":[{"href":"https:\/\/unescobih.mcp.gov.ba\/hr\/wp-json\/wp\/v2\/pages\/45","targetHints":{"allow":["GET"]}}],"collection":[{"href":"https:\/\/unescobih.mcp.gov.ba\/hr\/wp-json\/wp\/v2\/pages"}],"about":[{"href":"https:\/\/unescobih.mcp.gov.ba\/hr\/wp-json\/wp\/v2\/types\/page"}],"author":[{"embeddable":true,"href":"https:\/\/unescobih.mcp.gov.ba\/hr\/wp-json\/wp\/v2\/users\/1"}],"replies":[{"embeddable":true,"href":"https:\/\/unescobih.mcp.gov.ba\/hr\/wp-json\/wp\/v2\/comments?post=45"}],"version-history":[{"count":0,"href":"https:\/\/unescobih.mcp.gov.ba\/hr\/wp-json\/wp\/v2\/pages\/45\/revisions"}],"wp:attachment":[{"href":"https:\/\/unescobih.mcp.gov.ba\/hr\/wp-json\/wp\/v2\/media?parent=45"}],"curies":[{"name":"wp","href":"https:\/\/api.w.org\/{rel}","templated":true}]}}