{"id":40,"date":"2025-08-06T10:36:19","date_gmt":"2025-08-06T09:36:19","guid":{"rendered":"https:\/\/unescobih.mcp.gov.ba\/drzavna-komisija-za-suradnju-s-unesco-om\/"},"modified":"2025-11-11T14:16:40","modified_gmt":"2025-11-11T14:16:40","slug":"drzavno-povjerenstvo-za-suradnju-bosne-i-hercegovine-sa-unesco-om","status":"publish","type":"page","link":"https:\/\/unescobih.mcp.gov.ba\/hr\/drzavno-povjerenstvo-za-suradnju-bosne-i-hercegovine-sa-unesco-om\/","title":{"rendered":"Dr\u017eavno povjerenstvo za suradnju Bosne i Hercegovine sa UNESCO-om"},"content":{"rendered":"<div class=\"fusion-fullwidth fullwidth-box fusion-builder-row-1 fusion-flex-container has-pattern-background has-mask-background nonhundred-percent-fullwidth non-hundred-percent-height-scrolling\" style=\"--awb-border-radius-top-left:0px;--awb-border-radius-top-right:0px;--awb-border-radius-bottom-right:0px;--awb-border-radius-bottom-left:0px;--awb-flex-wrap:wrap;\" ><div class=\"fusion-builder-row fusion-row fusion-flex-align-items-flex-start fusion-flex-content-wrap\" style=\"max-width:1456px;margin-left: calc(-4% \/ 2 );margin-right: calc(-4% \/ 2 );\"><div class=\"fusion-layout-column fusion_builder_column fusion-builder-column-0 fusion_builder_column_3_4 3_4 fusion-flex-column\" style=\"--awb-bg-size:cover;--awb-width-large:75%;--awb-margin-top-large:0px;--awb-spacing-right-large:2.56%;--awb-margin-bottom-large:20px;--awb-spacing-left-large:2.56%;--awb-width-medium:75%;--awb-order-medium:0;--awb-spacing-right-medium:2.56%;--awb-spacing-left-medium:2.56%;--awb-width-small:100%;--awb-order-small:0;--awb-spacing-right-small:1.92%;--awb-spacing-left-small:1.92%;\"><div class=\"fusion-column-wrapper fusion-column-has-shadow fusion-flex-justify-content-flex-start fusion-content-layout-column\"><div class=\"fusion-text fusion-text-1\"><p>UNESCO je jedina organizacija u okviru UN sustava koja djeluje kroz sustav dr\u017eavnih povjerenstava za UNESCO. Dr\u017eavna povjerenstva predstavljaju vezu izme\u0111u dr\u017eava \u010dlanica i UNESCO-a, i ujedno su savjetodavna tijela Vlada zemalja \u010dlanica.<\/p>\n<p>Uloga, zadaci i me\u0111usobni odnosi izme\u0111u nacionalnih povjerenstava, dr\u017eava \u010dlanice i UNESCO-a utvr\u0111eni su Poveljom o dr\u017eavnim povjerenstvima iz 1978. godine. \u010clanove povjerenstva za UNESCO \u010dine predstavnici obrazovnih, znanstvenih i kulturnih ustanova, parlamentarci, predstavnici nevladinih organizacija i akademske zajednice.<\/p>\n<p>Odlukom o osnivanju Dr\u017eavnog povjerenstva za suradnju Bosne i Hercegovine sa Organizacijom Ujedinjenih nacija za obrazovanje, znanost i kulturu (UNESCO) (&#8220;Slu\u017ebeni glasnik BiH&#8221;, broj 77\/09), povjerenstvo je osnovano kao savjetodavno tijelo Vije\u0107a ministara BiH.<\/p>\n<p>Dr\u017eavno povjerenstvo za suradnju Bosne i Hercegovine sa UNESCO-m je jedino ovla\u0161teno tijelo koje vr\u0161i poslove komunikacije i administracije sa UNESCO-m i odre\u0111ivanje i imenovanje suradnika i partnera za suradnju sa UNESCO-m.<\/p>\n<p><strong>Povjerenstvo je tako\u0111er zadu\u017eeno za vr\u0161enje sljede\u0107ih poslova i zadataka:<\/strong><\/p>\n<ol>\n<li><strong>a)<\/strong> razmatranje svih pitanja me\u0111unarodne suradnje Bosne i Hercegovine i UNESCO-a u podru\u010dju obrazovanja, znanosti, kulture i informiranja i davanje mi\u0161ljenja, preporuka i sugestija o tomu Vije\u0107u ministara;<\/li>\n<li><strong>b)<\/strong> razmatranje i davanje mi\u0161ljenja Vije\u0107u ministara o pitanjima koja se odnose na programe i projekte UNESCO-a u kojima treba sudjelovati Bosna i Hercegovina;<\/li>\n<li><strong>c)<\/strong> predlaganje Vije\u0107u ministara sastava delegacija za sudjelovanje na skupovima UNESCO-a, ili skupovima koje sama organizuje;<\/li>\n<li><strong>d)<\/strong> sudjelovanje u pripremi stavova u vezi sa zaklju\u010divanjem ili izvr\u0161avanjem ugovora sa UNESCO-m o pitanjima iz podru\u010dja obrazovanja, znanosti, kulture i informiranja i davanje mi\u0161ljenja o tomu Vije\u0107u ministara, ministarstvima i drugim tijelima i institucijama Bosne i Hercegovine na njihov zahtjev;<\/li>\n<li><strong>e)<\/strong> razmjenu informativnih materijala preko Ministarstva vanjskih poslova i Ministarstva civilnih poslova i prikupljanje drugih materijala radi kori\u0161tenja me\u0111unarodnih iskustava i znanja u podru\u010dju obrazovanja, znanosti, kulture i informiranja do kijih se do\u0161lo putem aktivnosti UNESCO-a i upoznavanje institucija i organizacija iz navedenih podru\u010dja sa ciljevima i aktivnostima UNESCO-a;<\/li>\n<li><strong>f)<\/strong> predlaganje imenovanja dr\u017eavnih koordinatora (Focal points); g) pripremanje materijala o pitanjima vezanim za suradnju sa UNESCO-m u skladu sa programom rada Vije\u0107a ministara, odnosno na njegov zahtjev.<\/li>\n<\/ol>\n<p>Administrativno-tehni\u010dke poslove za potrebe Povjerenstva vr\u0161i Ministarstvo civilnih poslova.<\/p>\n<p>Za predsjednicu Povjerenstva imenovana je Dubravka Bo\u0161njak, ministrica civilnih poslova Bosne i Hercegovine.<\/p>\n<p>Za glavnu tajnicu Povjerenstva imenovana je Biljana \u010camur Veselinovi\u0107.<\/p>\n<p>Za \u010dlanove Povjerenstva imenovani se:<\/p>\n<ol>\n<li>a) Dubravka Bo\u0161njak, na prijedlog Ministarstva civilnih poslova Bosne i Hercegovine,<\/li>\n<li>b) Biljana \u010camur Veselinovi\u0107, na prijedlog Ministarstva civilnih poslova Bosne i Hercegovine,<\/li>\n<li>c) Marijana Moji\u0107, na prijedlog Ministarstva civilnih poslova Bosne i Hercegovine,<\/li>\n<li>d) Milosava \u0160upi\u0107, na prijedlog Ministarstva civilnih poslova Bosne i Hercegovine,<\/li>\n<li>e) Davor Bo\u0161njak, na prijedlog Ministarstva civilnih poslova Bosne i Hercegovine,<\/li>\n<li>f) Jasmin Hand\u017ei\u0107, na prijedlog Ministarstva civilnih poslova Bosne i Hercegovine,<\/li>\n<li>g) Adnan Husi\u0107, na prijedlog Ministarstva civilnih poslova Bosne i Hercegovine,<\/li>\n<li>h) Suvad D\u017eafi\u0107, na prijedlog Ministarstva civilnih poslova Bosne i Hercegovine,<\/li>\n<li>i) Emina Merdan, na prijedlog Ministarstva vanjskih poslova Bosne i Hercegovine,<\/li>\n<li>j) Stela Vasi\u0107, na prijedlog Ministarstva komunikacija i prometa Bosne i Hercegovine,<\/li>\n<li>k) Stjepan Mar\u010deti\u0107, na prijedlog Odjela za obrazovanje Vlade Br\u010dko distrikta Bosne i Hercegovine,<\/li>\n<li>l) Tanja \u0110akovi\u0107, na prijedlog Ministarstva prosvjete i kulture Republike Srpske,<\/li>\n<li>m) Jasna Mile\u0161evi\u0107, na prijedlog Republi\u010dkog zavoda za za\u0161titu kulturno-istorijskog i prirodnog naslje\u0111a Republike Srpske,<\/li>\n<li>n) Damir Bunoza, na prijedlog Federalnog ministarstva kulture i sporta,<\/li>\n<li>o) Emilija Pavi\u0107evi\u0107, na prijedlog Zavoda za za\u0161titu spomenika Federacije Bosne i Hercegovine,<\/li>\n<li>p) Sa\u0161a Vojnovi\u0107, na prijedlog Ministarstva za nau\u010dnotehnolo\u0161ki razvoj, visoko obrazovanje i informaciono dru\u0161tvo Republike Srpske,<\/li>\n<li>q) Benjamin Hed\u017ei\u0107, na prijedlog Federalnog ministarstva obrazovanja i nauke<\/li>\n<li>r) \u017deljka Stoji\u010di\u0107, na prijedlog Ministarstva za prostorno ure\u0111enje, gra\u0111evinarstvo i ekologiju Republike Srpske<\/li>\n<li>s) Sabina \u0160ahman Salihbegovi\u0107, na prijedlog Federalnog ministarstva okoli\u0161a i turizma.<\/li>\n<\/ol>\n<\/div><\/div><\/div><div class=\"fusion-layout-column fusion_builder_column fusion-builder-column-1 awb-sticky awb-sticky-small awb-sticky-medium awb-sticky-large fusion_builder_column_1_4 1_4 fusion-flex-column\" style=\"--awb-padding-top:50px;--awb-padding-right:20px;--awb-padding-bottom:10px;--awb-padding-left:50px;--awb-overflow:hidden;--awb-bg-color:var(--awb-color3);--awb-bg-color-hover:var(--awb-color3);--awb-bg-size:cover;--awb-border-color:var(--awb-color5);--awb-border-left:3px;--awb-border-style:solid;--awb-border-radius:0px 0px 90px 0px;--awb-width-large:25%;--awb-margin-top-large:0px;--awb-spacing-right-large:7.68%;--awb-margin-bottom-large:20px;--awb-spacing-left-large:7.68%;--awb-width-medium:25%;--awb-order-medium:0;--awb-spacing-right-medium:7.68%;--awb-spacing-left-medium:7.68%;--awb-width-small:100%;--awb-order-small:0;--awb-spacing-right-small:1.92%;--awb-spacing-left-small:1.92%;\" data-scroll-devices=\"small-visibility,medium-visibility,large-visibility\"><div class=\"fusion-column-wrapper fusion-column-has-shadow fusion-flex-justify-content-flex-start fusion-content-layout-column\"><div class=\"fusion-image-element \" style=\"--awb-caption-title-font-family:var(--h2_typography-font-family);--awb-caption-title-font-weight:var(--h2_typography-font-weight);--awb-caption-title-font-style:var(--h2_typography-font-style);--awb-caption-title-size:var(--h2_typography-font-size);--awb-caption-title-transform:var(--h2_typography-text-transform);--awb-caption-title-line-height:var(--h2_typography-line-height);--awb-caption-title-letter-spacing:var(--h2_typography-letter-spacing);\"><span class=\" has-fusion-standard-logo fusion-imageframe imageframe-none imageframe-1 hover-type-none\"><img decoding=\"async\" src=\"https:\/\/unescobih.mcp.gov.ba\/wp-content\/uploads\/2025\/08\/unesco_logo_hr_ba.svg\" srcset=\"https:\/\/unescobih.mcp.gov.ba\/wp-content\/uploads\/2025\/08\/unesco_logo_hr_ba.svg 1x\" retina_url=\"\" class=\"img-responsive fusion-standard-logo\" alt=\"UNESCO BiH Logo\" \/><\/span><\/div><div class=\"fusion-separator fusion-has-icon fusion-full-width-sep\" style=\"align-self: center;margin-left: auto;margin-right: auto;margin-top:50px;margin-bottom:20px;width:100%;\"><div class=\"fusion-separator-border sep-single sep-solid\" style=\"--awb-height:20px;--awb-amount:20px;border-color:var(--awb-color3);border-top-width:1px;\"><\/div><span class=\"icon-wrapper\" style=\"border-color:var(--awb-color3);background-color:rgba(255,255,255,0);font-size:18px;width: 1.75em; height: 1.75em;border-width:1px;padding:1px;margin-top:-0.5px\"><i class=\"fa-link fas\" style=\"font-size: inherit;color:var(--awb-color5);\" aria-hidden=\"true\"><\/i><\/span><div class=\"fusion-separator-border sep-single sep-solid\" style=\"--awb-height:20px;--awb-amount:20px;border-color:var(--awb-color3);border-top-width:1px;\"><\/div><\/div><nav class=\"awb-menu awb-menu_column awb-menu_em-hover mobile-mode-collapse-to-button awb-menu_icons-left awb-menu_dc-yes mobile-trigger-fullwidth-off awb-menu_mobile-toggle awb-menu_indent-left mobile-size-full-absolute loading mega-menu-loading awb-menu_desktop awb-menu_arrows-main awb-menu_dropdown awb-menu_expand-right awb-menu_transition-fade\" style=\"--awb-align-items:flex-start;--awb-main-justify-content:flex-start;--awb-mobile-justify:flex-start;--awb-mobile-caret-left:auto;--awb-mobile-caret-right:0;--awb-fusion-font-family-typography:inherit;--awb-fusion-font-style-typography:normal;--awb-fusion-font-weight-typography:400;--awb-fusion-font-family-submenu-typography:inherit;--awb-fusion-font-style-submenu-typography:normal;--awb-fusion-font-weight-submenu-typography:400;--awb-fusion-font-family-mobile-typography:inherit;--awb-fusion-font-style-mobile-typography:normal;--awb-fusion-font-weight-mobile-typography:400;\" aria-label=\"Dr\u017eavno povjerenstvo\" data-breakpoint=\"1024\" data-count=\"0\" data-transition-type=\"fade\" data-transition-time=\"300\" data-expand=\"right\"><button type=\"button\" class=\"awb-menu__m-toggle awb-menu__m-toggle_no-text\" aria-expanded=\"false\" aria-controls=\"menu-drzavno-povjerenstvo\"><span class=\"awb-menu__m-toggle-inner\"><span class=\"collapsed-nav-text\"><span class=\"screen-reader-text\">Toggle Navigation<\/span><\/span><span class=\"awb-menu__m-collapse-icon awb-menu__m-collapse-icon_no-text\"><span class=\"awb-menu__m-collapse-icon-open awb-menu__m-collapse-icon-open_no-text fa-bars fas\"><\/span><span class=\"awb-menu__m-collapse-icon-close awb-menu__m-collapse-icon-close_no-text fa-times fas\"><\/span><\/span><\/span><\/button><ul id=\"menu-drzavno-povjerenstvo\" class=\"fusion-menu awb-menu__main-ul awb-menu__main-ul_column\"><li  id=\"menu-item-1363\"  class=\"menu-item menu-item-type-post_type menu-item-object-page menu-item-1363 awb-menu__li awb-menu__main-li awb-menu__main-li_regular\"  data-item-id=\"1363\"><span class=\"awb-menu__main-background-default awb-menu__main-background-default_fade\"><\/span><span class=\"awb-menu__main-background-active awb-menu__main-background-active_fade\"><\/span><a  href=\"https:\/\/unescobih.mcp.gov.ba\/hr\/drzavno-povjerenstvo-za-suradnju-bosne-i-hercegovine-sa-unesco-om\/\" class=\"awb-menu__main-a awb-menu__main-a_regular\"><span class=\"menu-text\">Dr\u017eavno povjerenstvo za suradnju Bosne i Hercegovine sa UNESCO-om<\/span><\/a><\/li><li  id=\"menu-item-1374\"  class=\"menu-item menu-item-type-post_type menu-item-object-page menu-item-1374 awb-menu__li awb-menu__main-li awb-menu__main-li_regular\"  data-item-id=\"1374\"><span class=\"awb-menu__main-background-default awb-menu__main-background-default_fade\"><\/span><span class=\"awb-menu__main-background-active awb-menu__main-background-active_fade\"><\/span><a  href=\"https:\/\/unescobih.mcp.gov.ba\/hr\/drzavno-povjerenstvo-za-suradnju-bosne-i-hercegovine-sa-unesco-om\/akti-drzavnog-povjerenstva\/\" class=\"awb-menu__main-a awb-menu__main-a_regular\"><span class=\"menu-text\">Akti Dr\u017eavnog povjerenstva<\/span><\/a><\/li><li  id=\"menu-item-1366\"  class=\"menu-item menu-item-type-post_type menu-item-object-page menu-item-1366 awb-menu__li awb-menu__main-li awb-menu__main-li_regular\"  data-item-id=\"1366\"><span class=\"awb-menu__main-background-default awb-menu__main-background-default_fade\"><\/span><span class=\"awb-menu__main-background-active awb-menu__main-background-active_fade\"><\/span><a  href=\"https:\/\/unescobih.mcp.gov.ba\/hr\/unesco-u-bih\/\" class=\"awb-menu__main-a awb-menu__main-a_regular\"><span class=\"menu-text\">UNESCO u BiH<\/span><\/a><\/li><\/ul><\/nav><div class=\"fusion-separator fusion-has-icon fusion-full-width-sep\" style=\"align-self: center;margin-left: auto;margin-right: auto;margin-top:20px;margin-bottom:50px;width:100%;\"><div class=\"fusion-separator-border sep-single sep-solid\" style=\"--awb-height:20px;--awb-amount:20px;border-color:var(--awb-color3);border-top-width:1px;\"><\/div><span class=\"icon-wrapper\" style=\"border-color:var(--awb-color3);background-color:rgba(255,255,255,0);font-size:18px;width: 1.75em; height: 1.75em;border-width:1px;padding:1px;margin-top:-0.5px\"><i class=\"fa-link fas\" style=\"font-size: inherit;color:var(--awb-color5);\" aria-hidden=\"true\"><\/i><\/span><div class=\"fusion-separator-border sep-single sep-solid\" style=\"--awb-height:20px;--awb-amount:20px;border-color:var(--awb-color3);border-top-width:1px;\"><\/div><\/div><\/div><\/div>\n<\/div><\/div>\n","protected":false},"excerpt":{"rendered":"","protected":false},"author":1,"featured_media":0,"parent":0,"menu_order":0,"comment_status":"closed","ping_status":"closed","template":"100-width.php","meta":{"footnotes":""},"class_list":["post-40","page","type-page","status-publish","hentry"],"_links":{"self":[{"href":"https:\/\/unescobih.mcp.gov.ba\/hr\/wp-json\/wp\/v2\/pages\/40","targetHints":{"allow":["GET"]}}],"collection":[{"href":"https:\/\/unescobih.mcp.gov.ba\/hr\/wp-json\/wp\/v2\/pages"}],"about":[{"href":"https:\/\/unescobih.mcp.gov.ba\/hr\/wp-json\/wp\/v2\/types\/page"}],"author":[{"embeddable":true,"href":"https:\/\/unescobih.mcp.gov.ba\/hr\/wp-json\/wp\/v2\/users\/1"}],"replies":[{"embeddable":true,"href":"https:\/\/unescobih.mcp.gov.ba\/hr\/wp-json\/wp\/v2\/comments?post=40"}],"version-history":[{"count":0,"href":"https:\/\/unescobih.mcp.gov.ba\/hr\/wp-json\/wp\/v2\/pages\/40\/revisions"}],"wp:attachment":[{"href":"https:\/\/unescobih.mcp.gov.ba\/hr\/wp-json\/wp\/v2\/media?parent=40"}],"curies":[{"name":"wp","href":"https:\/\/api.w.org\/{rel}","templated":true}]}}