{"id":1461,"date":"2025-08-31T19:18:40","date_gmt":"2025-08-31T18:18:40","guid":{"rendered":"https:\/\/unescobih.mcp.gov.ba\/?page_id=1461"},"modified":"2025-11-30T11:46:51","modified_gmt":"2025-11-30T10:46:51","slug":"nematerijalna-bastina","status":"publish","type":"page","link":"https:\/\/unescobih.mcp.gov.ba\/hr\/nematerijalna-bastina\/","title":{"rendered":"Nematerijalna ba\u0161tina"},"content":{"rendered":"<div class=\"fusion-fullwidth fullwidth-box fusion-builder-row-1 fusion-flex-container has-pattern-background has-mask-background nonhundred-percent-fullwidth non-hundred-percent-height-scrolling\" style=\"--awb-border-radius-top-left:0px;--awb-border-radius-top-right:0px;--awb-border-radius-bottom-right:0px;--awb-border-radius-bottom-left:0px;--awb-flex-wrap:wrap;\" ><div class=\"fusion-builder-row fusion-row fusion-flex-align-items-flex-start fusion-flex-content-wrap\" style=\"max-width:1456px;margin-left: calc(-4% \/ 2 );margin-right: calc(-4% \/ 2 );\"><div class=\"fusion-layout-column fusion_builder_column fusion-builder-column-0 fusion_builder_column_3_4 3_4 fusion-flex-column\" style=\"--awb-bg-size:cover;--awb-width-large:75%;--awb-margin-top-large:0px;--awb-spacing-right-large:2.56%;--awb-margin-bottom-large:20px;--awb-spacing-left-large:2.56%;--awb-width-medium:75%;--awb-order-medium:0;--awb-spacing-right-medium:2.56%;--awb-spacing-left-medium:2.56%;--awb-width-small:100%;--awb-order-small:0;--awb-spacing-right-small:1.92%;--awb-spacing-left-small:1.92%;\"><div class=\"fusion-column-wrapper fusion-column-has-shadow fusion-flex-justify-content-flex-start fusion-content-layout-column\"><div class=\"fusion-text fusion-text-1\"><p>O\u010duvanje nematerijalne kulturne ba\u0161tine se provodi pod okriljem <a href=\"https:\/\/unescobih.mcp.gov.ba\/wp-content\/uploads\/2025\/11\/Konvencija_o_ocuvanju_nematerijalnog_kulturnog_nasljedja.pdf\" target=\"_blank\" rel=\"noopener\">Konvencije iz 2003. godine o o\u010duvanju nematerijalne kulturne ba\u0161tine<\/a>. Nematerijalna kulturna ba\u0161tina je definirana kao: prakse, prijedlozi, izrazi, vje\u0161tine kao i svi povezani instrumenti, objekti, vje\u0161ta\u010dki proizvodi i kulturni prostori koje zajednice, skupine, a u nekim slu\u010dajevima i pojedinci priznaju kao dio svog kulturnog naslije\u0111a.<\/p>\n<p>Kao takva, ispoljava se u sljede\u0107im domenama:<\/p>\n<ol>\n<li>a) usmene tradicije i izra\u017eavanja;<\/li>\n<li>b) izvo\u0111a\u010dke umjetnosti;<\/li>\n<li>c) dru\u0161tvene prakse, rituali i sve\u010dani doga\u0111aji;<\/li>\n<li>d) znanja i prakse vezane za univerzum;<\/li>\n<li>e) tradicionalni obrti.<\/li>\n<\/ol>\n<p>U svrhu o\u010duvanja ove vrste kulturne ba\u0161tine, uspostavljena je Reprezentativna lista nematerijalne kulturne ba\u0161tine \u010dovje\u010danstva, kao i Lista nematerijalne kulturne ba\u0161tine kojoj je potrebna hitna za\u0161tita (<a href=\"https:\/\/ich.unesco.org\/en\/lists\" target=\"_blank\" rel=\"noopener\">https:\/\/ich.unesco.org\/en\/lists<\/a>).<\/p>\n<p>Bosna i Hercegovina je ratificirala Konvenciju o o\u010duvanju nematerijalne kulturne ba\u0161tine 16. srpnja 2008. Obveza je svake dr\u017eave potpisnice Konvencije da, s ciljem o o\u010duvanja nematerijalne kulturne ba\u0161tine na njezinom teritoriju, vodi jedan ili vi\u0161e inventara elemenata nematerijalne kulturne ba\u0161tine.<\/p>\n<p>Nadle\u017ena ministarstva u Federaciji BiH i Republici Srpskoj vode otvorene preliminarne liste nematerijalne kulturne ba\u0161tine, koje zajedno \u010dine Preliminarnu otvorenu listu nematerijalne kulturne ba\u0161tine Bosne i Hercegovine.<\/p>\n<p><strong>PRELIMINARNA LISTA NEMATERIJALNE KULTURNE BA\u0160TINE <\/strong><strong>BOSNE I HERCEGOVINE*<\/strong><\/p>\n<ol>\n<li><a href=\"https:\/\/ich.unesco.org\/en\/RL\/zmijanje-embroidery-00990\" target=\"_blank\" rel=\"noopener\"><strong>Zmijanjski vez<\/strong><\/a> <em>(upisan na UNESCO Reprezentativnu listu nematerijalne kulturne ba\u0161tine \u010dovje\u010danstva 2014. godine)<\/em><\/li>\n<li><a href=\"https:\/\/ich.unesco.org\/en\/RL\/konjic-woodcarving-01288\" target=\"_blank\" rel=\"noopener\"><strong>Konji\u010dko drvorezbarstvo<\/strong><\/a> <em>(upisano na UNESCO Reprezentativnu listu nematerijalne kulturne ba\u0161tine \u010dovje\u010danstva 2017. godine)<\/em><\/li>\n<li><a href=\"https:\/\/ich.unesco.org\/en\/RL\/picking-of-iva-grass-on-ozren-mountain-01289\" target=\"_blank\" rel=\"noopener\"><strong>Branje trave ive na Ozrenu<\/strong><\/a> <em>(upisano na UNESCO Reprezentativnu listu nematerijalne kulturne ba\u0161tine \u010dovje\u010danstva 2018. godine)<\/em><\/li>\n<li><a href=\"https:\/\/ich.unesco.org\/en\/RL\/grass-mowing-competition-custom-in-kupres-01512\" target=\"_blank\" rel=\"noopener\"><strong>Obi\u010daj natjecanja u ko\u0161enju trave na Kupresu<\/strong><\/a> <em>(upisan na UNESCO Reprezentativnu listu nematerijalne kulturne ba\u0161tine \u010dovje\u010danstva 2020. godine)<\/em><\/li>\n<li><a href=\"https:\/\/ich.unesco.org\/en\/RL\/lipizzan-horse-breeding-traditions-01687\" target=\"_blank\" rel=\"noopener\"><strong>Uzgoj konja rase Lipicanaca<\/strong><\/a> <em>(upisan na UNESCO Reprezentativnu listu nematerijalne kulturne ba\u0161tine \u010dovje\u010danstva u okviru serijske nominacije \u201eTradicija uzgoja konja Lipicanaca\u201c godine<\/em>)<\/li>\n<li><a href=\"https:\/\/ich.unesco.org\/en\/RL\/sevdalinka-traditional-urban-folk-song-01872\" target=\"_blank\" rel=\"noopener\"><strong>Sevdalinka, gradski muzi\u010dko-poetski oblik<\/strong><\/a> (<em>upisana na UNESCO Reprezentativnu listu nematerijalne kulturne ba\u0161tine \u010dovje\u010danstva 2024. godine)<\/em><\/li>\n<li>Nevesinjska olimpijada (<em>nominovana za upis na UNESCO Reprezentativnu listu nematerijalne kulturne ba\u0161tine \u010dovje\u010danstva<\/em>)<\/li>\n<li>Obi\u010daj potkivanja jaja u Kre\u0161evu<\/li>\n<li>Hodo\u010da\u0161\u0107e na Ajvatovicu \u2013 Prusac<\/li>\n<li>Hodo\u010da\u0161\u0107e Sv. Ivi \u2013 Podmila\u010dje<\/li>\n<li>Izrada grn\u010darije u Lije\u0161evi<\/li>\n<li>Ganga, seoski polifoni muzi\u010dko-poetski oblik<\/li>\n<li>Umije\u0107e gradnje i sviranja instrumenta karaduzen<\/li>\n<li>Seoski polifoni oblik pjevanja \u201eU tri\u201c<\/li>\n<li>Skokovi sa Starog mosta u Mostaru<\/li>\n<li>Pura\u010dka \u0107aska \u2013 umije\u0107e pripremanja i slu\u017eenja<\/li>\n<li>Pjevanje uz pratnju \u0161argije\/tambure i violine<\/li>\n<li>Proljetni uranak \u2013 Zeni\u010dka \u010dimburijada<\/li>\n<li>Travni\u010dka kajganijada<\/li>\n<li>Umije\u0107e izrade \u010dipke \u2013 keranje, banjalu\u010dko keranje<\/li>\n<li>Pjevanje uz gusle, gusle, guslarsko pjevanje i usmeno predanje \u2013 epska narodna poezija<\/li>\n<li>Krsna slava<\/li>\n<li>Kova\u010di Mrkonji\u0107 Grada<\/li>\n<li>Paljenje \u017ee\u017enice<\/li>\n<li>Osa\u0107anski jezik<\/li>\n<li>Paljenje lila<\/li>\n<li>Masla<\/li>\n<li>Vidovdanska olimpijada<\/li>\n<li>Gusto kolo<\/li>\n<li>Banjalu\u010dki \u0107evap<\/li>\n<li>Kosidba na Balkani<\/li>\n<li>Oj, djevojko (ojka\u010da)<\/li>\n<li>Srpska \u0107irilica<\/li>\n<li>Sarajevsko-romanijski priglavak<\/li>\n<li>Tesli\u0107ki vez<\/li>\n<li>Derventski va\u0161ar<\/li>\n<li>Sir iz mijeha<\/li>\n<li>Kultura pe\u010denja rakije (tradicionalni na\u010din proizvodnje rakije)<\/li>\n<li>Klesarski zanat na Ozrenu (Ozrenski klesari)<\/li>\n<li>Vrbaski dajak \u010damac<\/li>\n<li>\u0106etenija iz Tarevca (Modri\u010da)<\/li>\n<li>Unska la\u0111a<\/li>\n<li>Podgrme\u010dki vez<\/li>\n<li>Banjalu\u010dko kolo<\/li>\n<li>Kalenderova\u010dki masni sir<\/li>\n<li>Saborovanje<\/li>\n<li>Koledarice<\/li>\n<li>Korparstvo\/pletarstvo u Posavini<\/li>\n<li>Graditeljstvo violina iz Doboja<\/li>\n<li>Legende o ste\u0107cima<\/li>\n<li>Ko\u010di\u0107ev zbor<\/li>\n<li>Romanijska kajda<\/li>\n<\/ol>\n<p>*<em>Preliminarna lista nematerijalne kulturne ba\u0161tine BiH je otvorena za upis novih elemenata<\/em><\/p>\n<p>Procedure UNESCO-a za upis nematerijalne ba\u0161tine na liste Konvencije, pru\u017eanje me\u0111unarodne financijske pomo\u0107i, akreditaciju nevladinih organizacija za djelovanje u savjetodavnom svojstvu pri Me\u0111uvladinom odboru za o\u010duvanje nematerijalne kulturne ba\u0161tine ili uklju\u010divanje zajednica u provo\u0111enje Konvencije su definirane <a href=\"https:\/\/unescobih.mcp.gov.ba\/wp-content\/uploads\/2025\/11\/ICH-Operational_Directives-10.GA_EN.pdf\" target=\"_blank\" rel=\"noopener\">Operativnim smjernicama za implementaciju Konvencije o o\u010duvanju nematerijalne kulturne ba\u0161tine<\/a>.<\/p>\n<p>Dr\u017eavno povjerenstvo BiH za UNESCO je tako\u0111er usvojilo dokument <a href=\"https:\/\/unescobih.mcp.gov.ba\/wp-content\/uploads\/2025\/11\/procedura-i-kriteriji-za-nominacije-bh-1.pdf\" target=\"_blank\" rel=\"noopener\">Procedure i kriteriji za podno\u0161enje prijedloga za nominacije za Listu svjetske kulturne ba\u0161tine, Reprezentativnu listu svjetske nematerijalne ba\u0161tine i Registar Pam\u0107enje svijeta UNESCO-a<\/a>.<\/p>\n<\/div><\/div><\/div><div class=\"fusion-layout-column fusion_builder_column fusion-builder-column-1 awb-sticky awb-sticky-small awb-sticky-medium awb-sticky-large fusion_builder_column_1_4 1_4 fusion-flex-column\" style=\"--awb-padding-top:50px;--awb-padding-right:20px;--awb-padding-bottom:10px;--awb-padding-left:50px;--awb-overflow:hidden;--awb-bg-color:var(--awb-color3);--awb-bg-color-hover:var(--awb-color3);--awb-bg-size:cover;--awb-border-color:var(--awb-color5);--awb-border-left:3px;--awb-border-style:solid;--awb-border-radius:0px 0px 90px 0px;--awb-width-large:25%;--awb-margin-top-large:0px;--awb-spacing-right-large:7.68%;--awb-margin-bottom-large:20px;--awb-spacing-left-large:7.68%;--awb-width-medium:25%;--awb-order-medium:0;--awb-spacing-right-medium:7.68%;--awb-spacing-left-medium:7.68%;--awb-width-small:100%;--awb-order-small:0;--awb-spacing-right-small:1.92%;--awb-spacing-left-small:1.92%;\" data-scroll-devices=\"small-visibility,medium-visibility,large-visibility\"><div class=\"fusion-column-wrapper fusion-column-has-shadow fusion-flex-justify-content-flex-start fusion-content-layout-column\"><div class=\"fusion-image-element \" style=\"--awb-caption-title-font-family:var(--h2_typography-font-family);--awb-caption-title-font-weight:var(--h2_typography-font-weight);--awb-caption-title-font-style:var(--h2_typography-font-style);--awb-caption-title-size:var(--h2_typography-font-size);--awb-caption-title-transform:var(--h2_typography-text-transform);--awb-caption-title-line-height:var(--h2_typography-line-height);--awb-caption-title-letter-spacing:var(--h2_typography-letter-spacing);\"><span class=\" has-fusion-standard-logo fusion-imageframe imageframe-none imageframe-1 hover-type-none\"><img decoding=\"async\" src=\"https:\/\/unescobih.mcp.gov.ba\/wp-content\/uploads\/2025\/08\/unesco_logo_hr_ba.svg\" srcset=\"https:\/\/unescobih.mcp.gov.ba\/wp-content\/uploads\/2025\/08\/unesco_logo_hr_ba.svg 1x\" retina_url=\"\" class=\"img-responsive fusion-standard-logo\" alt=\"UNESCO BiH Logo\" \/><\/span><\/div><div class=\"fusion-separator fusion-has-icon fusion-full-width-sep\" style=\"align-self: center;margin-left: auto;margin-right: auto;margin-top:50px;margin-bottom:20px;width:100%;\"><div class=\"fusion-separator-border sep-single sep-solid\" style=\"--awb-height:20px;--awb-amount:20px;border-color:var(--awb-color3);border-top-width:1px;\"><\/div><span class=\"icon-wrapper\" style=\"border-color:var(--awb-color3);background-color:rgba(255,255,255,0);font-size:18px;width: 1.75em; height: 1.75em;border-width:1px;padding:1px;margin-top:-0.5px\"><i class=\"fa-link fas\" style=\"font-size: inherit;color:var(--awb-color5);\" aria-hidden=\"true\"><\/i><\/span><div class=\"fusion-separator-border sep-single sep-solid\" style=\"--awb-height:20px;--awb-amount:20px;border-color:var(--awb-color3);border-top-width:1px;\"><\/div><\/div><nav class=\"awb-menu awb-menu_column awb-menu_em-hover mobile-mode-collapse-to-button awb-menu_icons-left awb-menu_dc-yes mobile-trigger-fullwidth-off awb-menu_mobile-toggle awb-menu_indent-left mobile-size-full-absolute loading mega-menu-loading awb-menu_desktop awb-menu_arrows-main awb-menu_dropdown awb-menu_expand-right awb-menu_transition-fade\" style=\"--awb-main-justify-content:flex-start;--awb-mobile-justify:flex-start;--awb-mobile-caret-left:auto;--awb-mobile-caret-right:0;--awb-fusion-font-family-typography:inherit;--awb-fusion-font-style-typography:normal;--awb-fusion-font-weight-typography:400;--awb-fusion-font-family-submenu-typography:inherit;--awb-fusion-font-style-submenu-typography:normal;--awb-fusion-font-weight-submenu-typography:400;--awb-fusion-font-family-mobile-typography:inherit;--awb-fusion-font-style-mobile-typography:normal;--awb-fusion-font-weight-mobile-typography:400;\" aria-label=\"UNESCO Lokaliteti HR\" data-breakpoint=\"1024\" data-count=\"0\" data-transition-type=\"fade\" data-transition-time=\"300\" data-expand=\"right\"><button type=\"button\" class=\"awb-menu__m-toggle awb-menu__m-toggle_no-text\" aria-expanded=\"false\" aria-controls=\"menu-unesco-lokaliteti-hr\"><span class=\"awb-menu__m-toggle-inner\"><span class=\"collapsed-nav-text\"><span class=\"screen-reader-text\">Toggle Navigation<\/span><\/span><span class=\"awb-menu__m-collapse-icon awb-menu__m-collapse-icon_no-text\"><span class=\"awb-menu__m-collapse-icon-open awb-menu__m-collapse-icon-open_no-text fa-bars fas\"><\/span><span class=\"awb-menu__m-collapse-icon-close awb-menu__m-collapse-icon-close_no-text fa-times fas\"><\/span><\/span><\/span><\/button><ul id=\"menu-unesco-lokaliteti-hr\" class=\"fusion-menu awb-menu__main-ul awb-menu__main-ul_column\"><li  id=\"menu-item-1564\"  class=\"menu-item menu-item-type-post_type menu-item-object-page menu-item-1564 awb-menu__li awb-menu__main-li awb-menu__main-li_regular\"  data-item-id=\"1564\"><span class=\"awb-menu__main-background-default awb-menu__main-background-default_fade\"><\/span><span class=\"awb-menu__main-background-active awb-menu__main-background-active_fade\"><\/span><a  href=\"https:\/\/unescobih.mcp.gov.ba\/hr\/unesco-svjetska-bastina\/\" class=\"awb-menu__main-a awb-menu__main-a_regular\"><span class=\"menu-text\">UNESCO svjetska ba\u0161tina<\/span><\/a><\/li><li  id=\"menu-item-1565\"  class=\"menu-item menu-item-type-post_type menu-item-object-page menu-item-1565 awb-menu__li awb-menu__main-li awb-menu__main-li_regular\"  data-item-id=\"1565\"><span class=\"awb-menu__main-background-default awb-menu__main-background-default_fade\"><\/span><span class=\"awb-menu__main-background-active awb-menu__main-background-active_fade\"><\/span><a  href=\"https:\/\/unescobih.mcp.gov.ba\/hr\/nematerijalna-bastina\/\" class=\"awb-menu__main-a awb-menu__main-a_regular\"><span class=\"menu-text\">Nematerijalna ba\u0161tina<\/span><\/a><\/li><li  id=\"menu-item-1567\"  class=\"menu-item menu-item-type-post_type menu-item-object-page menu-item-1567 awb-menu__li awb-menu__main-li awb-menu__main-li_regular\"  data-item-id=\"1567\"><span class=\"awb-menu__main-background-default awb-menu__main-background-default_fade\"><\/span><span class=\"awb-menu__main-background-active awb-menu__main-background-active_fade\"><\/span><a  href=\"https:\/\/unescobih.mcp.gov.ba\/hr\/kreativni-gradovi\/\" class=\"awb-menu__main-a awb-menu__main-a_regular\"><span class=\"menu-text\">Kreativni gradovi<\/span><\/a><\/li><li  id=\"menu-item-1566\"  class=\"menu-item menu-item-type-post_type menu-item-object-page menu-item-1566 awb-menu__li awb-menu__main-li awb-menu__main-li_regular\"  data-item-id=\"1566\"><span class=\"awb-menu__main-background-default awb-menu__main-background-default_fade\"><\/span><span class=\"awb-menu__main-background-active awb-menu__main-background-active_fade\"><\/span><a  href=\"https:\/\/unescobih.mcp.gov.ba\/hr\/gradovi-za-obrazovanje\/\" class=\"awb-menu__main-a awb-menu__main-a_regular\"><span class=\"menu-text\">Gradovi za obrazovanje<\/span><\/a><\/li><li  id=\"menu-item-1568\"  class=\"menu-item menu-item-type-post_type menu-item-object-page menu-item-1568 awb-menu__li awb-menu__main-li awb-menu__main-li_regular\"  data-item-id=\"1568\"><span class=\"awb-menu__main-background-default awb-menu__main-background-default_fade\"><\/span><span class=\"awb-menu__main-background-active awb-menu__main-background-active_fade\"><\/span><a  href=\"https:\/\/unescobih.mcp.gov.ba\/hr\/pamcenje-svijeta\/\" class=\"awb-menu__main-a awb-menu__main-a_regular\"><span class=\"menu-text\">Pam\u0107enje svijeta<\/span><\/a><\/li><\/ul><\/nav><div class=\"fusion-separator fusion-has-icon fusion-full-width-sep\" style=\"align-self: center;margin-left: auto;margin-right: auto;margin-top:20px;margin-bottom:50px;width:100%;\"><div class=\"fusion-separator-border sep-single sep-solid\" style=\"--awb-height:20px;--awb-amount:20px;border-color:var(--awb-color3);border-top-width:1px;\"><\/div><span class=\"icon-wrapper\" style=\"border-color:var(--awb-color3);background-color:rgba(255,255,255,0);font-size:18px;width: 1.75em; height: 1.75em;border-width:1px;padding:1px;margin-top:-0.5px\"><i class=\"fa-link fas\" style=\"font-size: inherit;color:var(--awb-color5);\" aria-hidden=\"true\"><\/i><\/span><div class=\"fusion-separator-border sep-single sep-solid\" style=\"--awb-height:20px;--awb-amount:20px;border-color:var(--awb-color3);border-top-width:1px;\"><\/div><\/div><\/div><\/div><\/div><\/div>\n","protected":false},"excerpt":{"rendered":"","protected":false},"author":1,"featured_media":0,"parent":0,"menu_order":0,"comment_status":"closed","ping_status":"closed","template":"100-width.php","meta":{"footnotes":""},"class_list":["post-1461","page","type-page","status-publish","hentry"],"_links":{"self":[{"href":"https:\/\/unescobih.mcp.gov.ba\/hr\/wp-json\/wp\/v2\/pages\/1461","targetHints":{"allow":["GET"]}}],"collection":[{"href":"https:\/\/unescobih.mcp.gov.ba\/hr\/wp-json\/wp\/v2\/pages"}],"about":[{"href":"https:\/\/unescobih.mcp.gov.ba\/hr\/wp-json\/wp\/v2\/types\/page"}],"author":[{"embeddable":true,"href":"https:\/\/unescobih.mcp.gov.ba\/hr\/wp-json\/wp\/v2\/users\/1"}],"replies":[{"embeddable":true,"href":"https:\/\/unescobih.mcp.gov.ba\/hr\/wp-json\/wp\/v2\/comments?post=1461"}],"version-history":[{"count":0,"href":"https:\/\/unescobih.mcp.gov.ba\/hr\/wp-json\/wp\/v2\/pages\/1461\/revisions"}],"wp:attachment":[{"href":"https:\/\/unescobih.mcp.gov.ba\/hr\/wp-json\/wp\/v2\/media?parent=1461"}],"curies":[{"name":"wp","href":"https:\/\/api.w.org\/{rel}","templated":true}]}}