{"id":1385,"date":"2025-08-13T12:50:03","date_gmt":"2025-08-13T12:50:03","guid":{"rendered":"https:\/\/unescobih.mcp.gov.ba\/drzavno-povjerenstvo-za-suradnju-bosne-i-hercegovine-sa-unesco-om\/akti-drzavnog-povjerenstva\/odluka-o-imenovanju-clanova-drzavne-komisije\/"},"modified":"2025-11-11T16:18:35","modified_gmt":"2025-11-11T16:18:35","slug":"odluka-o-imenovanju-clanova-drzavnog-povjerenstva","status":"publish","type":"page","link":"https:\/\/unescobih.mcp.gov.ba\/hr\/drzavno-povjerenstvo-za-suradnju-bosne-i-hercegovine-sa-unesco-om\/akti-drzavnog-povjerenstva\/odluka-o-imenovanju-clanova-drzavnog-povjerenstva\/","title":{"rendered":"Odluka o imenovanju \u010dlanova Dr\u017eavnog povjerenstva"},"content":{"rendered":"<div class=\"fusion-fullwidth fullwidth-box fusion-builder-row-1 fusion-flex-container has-pattern-background has-mask-background nonhundred-percent-fullwidth non-hundred-percent-height-scrolling\" style=\"--awb-border-radius-top-left:0px;--awb-border-radius-top-right:0px;--awb-border-radius-bottom-right:0px;--awb-border-radius-bottom-left:0px;--awb-flex-wrap:wrap;\" ><div class=\"fusion-builder-row fusion-row fusion-flex-align-items-flex-start fusion-flex-content-wrap\" style=\"max-width:1456px;margin-left: calc(-4% \/ 2 );margin-right: calc(-4% \/ 2 );\"><div class=\"fusion-layout-column fusion_builder_column fusion-builder-column-0 fusion_builder_column_1_1 1_1 fusion-flex-column\" style=\"--awb-bg-size:cover;--awb-width-large:100%;--awb-margin-top-large:0px;--awb-spacing-right-large:1.92%;--awb-margin-bottom-large:20px;--awb-spacing-left-large:1.92%;--awb-width-medium:100%;--awb-order-medium:0;--awb-spacing-right-medium:1.92%;--awb-spacing-left-medium:1.92%;--awb-width-small:100%;--awb-order-small:0;--awb-spacing-right-small:1.92%;--awb-spacing-left-small:1.92%;\"><div class=\"fusion-column-wrapper fusion-column-has-shadow fusion-flex-justify-content-flex-start fusion-content-layout-column\"><div class=\"fusion-text fusion-text-1\"><p style=\"font-weight: 400;\">Na temelju \u010dlanka 17. Zakona o Vije\u0107u ministara Bosne i Hercegovine (\u201eSlu\u017ebeni glasnik BiH\u201c, br. 30\/03, 42\/03, 81\/06, 76\/07, 81\/07, 94\/07 i 24\/08), \u010dlanka 3. st. (2) i (4) i \u010dlanka 4. stavak (4) Odluke o osnutku Dr\u017eavnog povjerenstva za suradnju Bosne i Hercegovine s Organizacijom Ujedinjenih naroda za obrazovanje, znanost i kulturu-UNESCO (\u201eSlu\u017ebeni glasnik BiH\u201c, br. 77\/09 i 35\/16), a u vezi s \u010dlankom 39. Zakona o pla\u0107ama i naknadama u institucijama Bosne i Hercegovine (\u201eSlu\u017ebeni glasnik BiH\u201c, br. 50\/08, 35\/09, 75\/09, 32\/12, 42\/12, 50\/12, 32\/13, 87\/13, 75\/15, 88\/15, 16\/16, 94\/16, 72\/17, 25\/18, 32\/20, 65\/20 i 59\/22), na prijedlog Ministarstva civilnih poslova Bosne i Hercegovine, Vije\u0107e ministara Bosne i Hercegovine, na 36. sjednici, odr\u017eanoj 22. 1. 2024. godine, donijelo je<\/p>\n<p style=\"font-weight: 400;\"><strong>ODLUKU<\/strong><\/p>\n<p style=\"font-weight: 400;\"><strong>O IMENOVANJU \u010cLANOVA DR\u017dAVNOG POVJERENSTVA ZA SURADNJU BOSNE I HERCEGOVINE S ORGANIZACIJOM UJEDINJENIH NARODA ZA\u00a0\u00a0\u00a0\u00a0\u00a0\u00a0\u00a0\u00a0 OBRAZOVANJE, ZNANOST I KULTURU (UNESCO) I VISINI NOV\u010cANE NAKNADE<\/strong><\/p>\n<p style=\"font-weight: 400;\"><strong>\u010clanak 1.<\/strong><\/p>\n<p style=\"font-weight: 400;\"><strong>\u00a0(Predmet Odluke)<\/strong><\/p>\n<p style=\"font-weight: 400;\">Ovom Odlukom imenuju se \u010dlanovi Dr\u017eavnog povjerenstva za suradnju Bosne i Hercegovine s Organizacijom Ujedinjenih naroda za obrazovanje, znanost i kulturu &#8211; UNESCO (u daljnjem tekstu: Povjerenstvo) i utvr\u0111uje se visina nov\u010dane naknade.<\/p>\n<p style=\"font-weight: 400;\"><strong>\u010clanak 2.<\/strong><\/p>\n<p style=\"font-weight: 400;\"><strong>(Sastav Povjerenstva)<\/strong><\/p>\n<p style=\"font-weight: 400;\">(1)\u00a0 U sastav Povjerenstva imenuju se:<\/p>\n<ol>\n<li style=\"font-weight: 400;\">a) Dubravka Bo\u0161njak, na prijedlog Ministarstva civilnih poslova Bosne i Hercegovine<\/li>\n<li style=\"font-weight: 400;\">b) Biljana \u010camur Veselinovi\u0107, na prijedlog Ministarstva civilnih poslova Bosne i Hercegovine<\/li>\n<li style=\"font-weight: 400;\">c) Marijana Moji\u0107, na prijedlog Ministarstva civilnih poslova Bosne i Hercegovine<\/li>\n<li style=\"font-weight: 400;\">d) Milosava \u0160upi\u0107, na prijedlog Ministarstva civilnih poslova Bosne i Hercegovine<\/li>\n<li style=\"font-weight: 400;\">e) Davor Bo\u0161njak, na prijedlog Ministarstva civilnih poslova Bosne i Hercegovine<\/li>\n<li style=\"font-weight: 400;\">f) Jasmin Hand\u017ei\u0107, na prijedlog Ministarstva civilnih poslova Bosne i Hercegovine<\/li>\n<li style=\"font-weight: 400;\">g) Adnan Husi\u0107, na prijedlog Ministarstva civilnih poslova Bosne i Hercegovine<\/li>\n<li style=\"font-weight: 400;\">h) Suvad D\u017eafi\u0107, na prijedlog Ministarstva civilnih poslova Bosne i Hercegovine<\/li>\n<li style=\"font-weight: 400;\">i) Emina Merdan, na prijedlog Ministarstva vanjskih poslova Bosne i Hercegovine<\/li>\n<li style=\"font-weight: 400;\">j) Stela Vasi\u0107, na prijedlog Ministarstva komunikacija i prometa Bosne i Hercegovine<\/li>\n<li style=\"font-weight: 400;\">k) Stjepan Mar\u010deti\u0107, na prijedlog Odjela za obrazovanje Vlade Br\u010dko distrikta Bosne i Hercegovine<\/li>\n<li style=\"font-weight: 400;\">l) Tanja \u0110akovi\u0107, na prijedlog Ministarstva prosvjete i kulture Republike Srpske<\/li>\n<li style=\"font-weight: 400;\">m) Jasna Mile\u0161evi\u0107, na prijedlog Republi\u010dkog zavoda za za\u0161titu kulturno-istorijskog i prirodnog naslje\u0111a Republike Srpske<\/li>\n<li style=\"font-weight: 400;\">n) Damir Bunoza, na prijedlog Federalnog ministarstva kulture i sporta<\/li>\n<li style=\"font-weight: 400;\">o) Emilija Pavi\u0107evi\u0107, na prijedlog Zavoda za za\u0161titu spomenika Federacije Bosne i Hercegovine<\/li>\n<li style=\"font-weight: 400;\">p) Sa\u0161a Vojnovi\u0107, na prijedlog Ministarstva za nau\u010dnotehnolo\u0161ki razvoj, visoko obrazovanje i informaciono dru\u0161tvo Republike Srpske<\/li>\n<li style=\"font-weight: 400;\">r) Benjamin Hed\u017ei\u0107, na prijedlog Federalnog ministarstva obrazovanja i nauke<\/li>\n<li style=\"font-weight: 400;\">s) \u017deljka Stoji\u010di\u0107, na prijedlog Ministarstva za prostorno ure\u0111enje, gra\u0111evinarstvo i ekologiju Republike Srpske<\/li>\n<\/ol>\n<ol>\n<li style=\"font-weight: 400;\">t) Sabina \u0160ahman Salihbegovi\u0107, na prijedlog Federalnog ministarstva okoli\u0161a i turizma.<\/li>\n<\/ol>\n<p style=\"font-weight: 400;\">(2)\u00a0\u00a0\u00a0\u00a0\u00a0\u00a0\u00a0 Za predsjednicu Povjerenstva imenuje se Dubravka Bo\u0161njak, ministrica civilnih poslova Bosne i Hercegovine.<\/p>\n<p style=\"font-weight: 400;\">(3)\u00a0\u00a0\u00a0\u00a0\u00a0\u00a0\u00a0 Za glavnu tajnicu Povjerenstva imenuje se Biljana \u010camur Veselinovi\u0107, na prijedlog Ministarstva civilnih poslova Bosne i Hercegovine.<\/p>\n<p style=\"font-weight: 400;\">(4)\u00a0\u00a0\u00a0\u00a0\u00a0\u00a0\u00a0 Mandatno razdoblje imenovanima iz st. (1) i (2) ovog \u010dlanka utvr\u0111en je u \u010dlanku 3. stavak (2) Odluke o osnutku Dr\u017eavnog povjerenstva za suradnju Bosne i Hercegovine s Organizacijom Ujedinjenih naroda za obrazovanje, znanost i kulturu &#8211; UNESCO (\u201eSlu\u017ebeni glasnik BiH\u201c, br. 77\/09 i 35\/16), dok je mandatno razdoblje imenovane iz stavka (3) ovog \u010dlanka utvr\u0111en u \u010dlanku 3. stavak (4) Odluke o osnutku Dr\u017eavnog povjerenstva za suradnju Bosne i Hercegovine s Organizacijom Ujedinjenih naroda za obrazovanje, znanost i kulturu -UNESCO (\u201eSlu\u017ebeni glasnik BiH\u201c, br. 77\/09 i 35\/16).<\/p>\n<p style=\"font-weight: 400;\"><strong>\u010clanak 3.<\/strong><\/p>\n<p style=\"font-weight: 400;\"><strong>(Visina i isplata nov\u010dane naknade)<\/strong><\/p>\n<p style=\"font-weight: 400;\">\u00a0(1)\u00a0\u00a0\u00a0\u00a0\u00a0\u00a0 Jednokratna godi\u0161nja naknada za rad \u010dlanovima Povjerenstva utvr\u0111uje se u iznosu dvije osnovice za obra\u010dun pla\u0107e uposlenim u institucijama Bosne i Hercegovine (osnovica koja se primjenjivala u godini za koju Povjerenstvo podnosi izvje\u0161\u0107e o radu).<\/p>\n<p style=\"font-weight: 400;\">(2)\u00a0\u00a0\u00a0\u00a0\u00a0\u00a0\u00a0 Naknada za rad \u0107e biti ispla\u0107ena nakon \u0161to Vije\u0107e ministara Bosne i Hercegovine usvoji godi\u0161nje izvje\u0161\u0107e o radu Povjerenstva, uz primjenu ograni\u010denja propisanih \u010dlankom 39. st. (3), (4) i (5) Zakona o pla\u0107ama i naknadama u institucijama Bosne i Hercegovine (\u201eSlu\u017ebeni glasnik BiH\u201c, br. 50\/08, 35\/09, 75\/09, 32\/12, 42\/12, 50\/12, 32\/13, 87\/13, 75\/15, 88\/15, 16\/16, 94\/16, 72\/17, 25\/18, 32\/20, 65\/20 i 59\/22).<\/p>\n<p style=\"font-weight: 400;\">(3)\u00a0\u00a0\u00a0\u00a0\u00a0\u00a0\u00a0 \u010clan Povjerenstva ostvaruje pravo na naknadu za rad, sukladno odredbama ove Odluke, u mandatnom razdoblju na koji je isti imenovan.<\/p>\n<p style=\"font-weight: 400;\"><strong>\u010clanak 4.<\/strong><\/p>\n<p style=\"font-weight: 400;\"><strong>(Realizacija Odluke)<\/strong><\/p>\n<p style=\"font-weight: 400;\">Za realizaciju ove Odluke zadu\u017euje se Ministarstvo civilnih poslova Bosne i Hercegovine i Ministarstvo financija i trezora Bosne i Hercegovine.<\/p>\n<p style=\"font-weight: 400;\"><strong>\u010clanak 5.<\/strong><\/p>\n<p style=\"font-weight: 400;\"><strong>(Prestanak va\u017eenja dosada\u0161nje Odluke)<\/strong><\/p>\n<p style=\"font-weight: 400;\">Stupanjem na snagu ove Odluke prestaje va\u017eiti Odluka o imenovanju \u010dlanova Dr\u017eavnog povjerenstva za suradnju Bosne i Hercegovine s Organizacijom Ujedinjenih naroda za obrazovanje, znanost i kulturu (UNESCO) i visini nov\u010dane naknade (\u201eSlu\u017ebeni glasnik BiH\u201c, br. 97\/15, 44\/16, 75\/16, 14\/17 i 62\/17).<\/p>\n<p style=\"font-weight: 400;\"><strong>\u010clanak 6.<\/strong><\/p>\n<p style=\"font-weight: 400;\"><strong>(Stupanje na snagu)<\/strong><\/p>\n<p style=\"font-weight: 400;\">Ova Odluka stupa na snagu danom dono\u0161enja i objavljuje se u \u201eSlu\u017ebenom glasniku BiH\u201c.<\/p>\n<p style=\"font-weight: 400;\"><strong>\u00a0<\/strong><\/p>\n<table style=\"font-weight: 400;\">\n<tbody>\n<tr>\n<td width=\"271\"><strong>VM broj 19\/24<\/strong><\/p>\n<p><strong>22. 1. 2024.<\/strong><\/p>\n<p><strong>Sarajevo<\/strong><\/td>\n<td width=\"105\"><strong>\u00a0<\/strong><\/td>\n<td width=\"262\"><strong>Predsjedateljica<\/strong><\/p>\n<p><strong>Vije\u0107a ministara BiH<\/strong><\/p>\n<p><strong>Borjana Kri\u0161to<\/strong><\/td>\n<\/tr>\n<\/tbody>\n<\/table>\n<\/div><\/div><\/div><\/div><\/div>\n","protected":false},"excerpt":{"rendered":"","protected":false},"author":1,"featured_media":0,"parent":1370,"menu_order":0,"comment_status":"closed","ping_status":"closed","template":"100-width.php","meta":{"footnotes":""},"class_list":["post-1385","page","type-page","status-publish","hentry"],"_links":{"self":[{"href":"https:\/\/unescobih.mcp.gov.ba\/hr\/wp-json\/wp\/v2\/pages\/1385","targetHints":{"allow":["GET"]}}],"collection":[{"href":"https:\/\/unescobih.mcp.gov.ba\/hr\/wp-json\/wp\/v2\/pages"}],"about":[{"href":"https:\/\/unescobih.mcp.gov.ba\/hr\/wp-json\/wp\/v2\/types\/page"}],"author":[{"embeddable":true,"href":"https:\/\/unescobih.mcp.gov.ba\/hr\/wp-json\/wp\/v2\/users\/1"}],"replies":[{"embeddable":true,"href":"https:\/\/unescobih.mcp.gov.ba\/hr\/wp-json\/wp\/v2\/comments?post=1385"}],"version-history":[{"count":0,"href":"https:\/\/unescobih.mcp.gov.ba\/hr\/wp-json\/wp\/v2\/pages\/1385\/revisions"}],"up":[{"embeddable":true,"href":"https:\/\/unescobih.mcp.gov.ba\/hr\/wp-json\/wp\/v2\/pages\/1370"}],"wp:attachment":[{"href":"https:\/\/unescobih.mcp.gov.ba\/hr\/wp-json\/wp\/v2\/media?parent=1385"}],"curies":[{"name":"wp","href":"https:\/\/api.w.org\/{rel}","templated":true}]}}