{"id":136,"date":"2025-08-07T10:02:57","date_gmt":"2025-08-07T10:02:57","guid":{"rendered":"https:\/\/unescobih.mcp.gov.ba\/?page_id=136"},"modified":"2025-11-11T12:41:19","modified_gmt":"2025-11-11T12:41:19","slug":"informacije-i-komunikacije","status":"publish","type":"page","link":"https:\/\/unescobih.mcp.gov.ba\/hr\/mandat-unesco-a\/informacije-i-komunikacije\/","title":{"rendered":"Informacije i komunikacije"},"content":{"rendered":"<div class=\"fusion-fullwidth fullwidth-box fusion-builder-row-1 fusion-flex-container has-pattern-background has-mask-background nonhundred-percent-fullwidth non-hundred-percent-height-scrolling\" style=\"--awb-border-radius-top-left:0px;--awb-border-radius-top-right:0px;--awb-border-radius-bottom-right:0px;--awb-border-radius-bottom-left:0px;--awb-flex-wrap:wrap;\" ><div class=\"fusion-builder-row fusion-row fusion-flex-align-items-flex-start fusion-flex-content-wrap\" style=\"max-width:1456px;margin-left: calc(-4% \/ 2 );margin-right: calc(-4% \/ 2 );\"><div class=\"fusion-layout-column fusion_builder_column fusion-builder-column-0 fusion_builder_column_3_4 3_4 fusion-flex-column\" style=\"--awb-bg-size:cover;--awb-width-large:75%;--awb-margin-top-large:0px;--awb-spacing-right-large:2.56%;--awb-margin-bottom-large:20px;--awb-spacing-left-large:2.56%;--awb-width-medium:75%;--awb-order-medium:0;--awb-spacing-right-medium:2.56%;--awb-spacing-left-medium:2.56%;--awb-width-small:100%;--awb-order-small:0;--awb-spacing-right-small:1.92%;--awb-spacing-left-small:1.92%;\"><div class=\"fusion-column-wrapper fusion-column-has-shadow fusion-flex-justify-content-flex-start fusion-content-layout-column\"><div class=\"fusion-text fusion-text-1\"><p class=\"uvod\">UNESCO-ov sektor za komunikacije i informacije \u2013 CI sektor (CI &#8211; Communication and Information Sector), koji se bavi programskim podru\u010djem komunikacija i informacija, je osnovan u sada\u0161njem obliku 1990. godine. Ovo programsko podru\u010dje obuhvata pitanja razvoja komunikacija, poticanja slobodnog protoka informacija pomo\u0107u rije\u010di i slike, medijskom etikom, digitalizacijom sadr\u017eaja, usavr\u0161avanje stru\u010dnjaka za pitanja u vezi informacija i medija, sloboda medija.<\/p>\n<p>Sve br\u017ei razvoj informacijskih i komunikacijskih tehnologija (IKT) podrazumijeva dvostruku zada\u0107u UNESCO-a na ovom podru\u010dju: s jedne osiguranje pristupa IKT dostignu\u0107ima, a s druge razmi\u0161ljanja o zna\u010daju i primjeni IKT napretka na podru\u010dju odgoja i obrazovanja, znanosti, kulture i komunikacija.<\/p>\n<p><strong>Tri glavna strate\u0161ka cilja programskog podru\u010dja komunikacija i informacija su: <\/strong><\/p>\n<ul>\n<li>Promocija slobodnog protoka ideja i univerzalni pristup informacijama;<\/li>\n<li>Promocija pluralizma i kulturne razli\u010ditosti u medijima i svjetskim informacionim mre\u017eama;<\/li>\n<li>Promocija pristupa informaciono-komunikacionim tehnologijama (IKT).<\/li>\n<\/ul>\n<p>Sve ve\u0107i i br\u017ei razvoj modernih IKT tehnologija, izme\u0111u ostalog, podrazumijeva i aktivnije prisustvo i djelovanje UNESCO-a na ovom podru\u010dju: kao prvo, osiguranje pristupa tehnolo\u0161kim dostignu\u0107ima, a drugo, primjena tehnolo\u0161kog napretka na podru\u010dju odgoja i obrazovanja, znanosti, kulture i komunikacija.<\/p>\n<p>Aktivnosti Srednjoro\u010dne strategije 2008-2013 (34C\/4) UNESCO na podru\u010dju komunikacija i informacija usmjerene su na izgradnju uklju\u010divih (inkluzivnih) dru\u0161tava znanja posredstvom informacija i komunikacija putem omogu\u0107avanja op\u0107e dostupnosti informacija i znanja, kao i poticanje pluralisti\u010dkih, slobodnih i neovisnih medija i infostruktura.<\/p>\n<p><strong>Najve\u0107i me\u0111unarodni programi u ovom segmentu UNESCO-ova djelovanja su: <\/strong><\/p>\n<ul>\n<li><strong>Me\u0111unarodni program za razvoj komunikacija<\/strong> (IPDC &#8211; the International Programme for the Development of Communication) koji vr\u0161i promociju slobode, neovisnosti i pluralizma medija, naro\u010dito u zemljama u razvoju i onih koje se nalaze u tranziciji. Kroz razvoj medija UNESCO poma\u017ee ja\u010danju analiti\u010dkih i kriti\u010dkih sposobnosti ljudi i njihovog aktivnog sudjelovanja u demokratskoj vlasti.<\/li>\n<li><strong>Program informacija za sve<\/strong> (IFAP &#8211; the Information for All Programme) je platforma za me\u0111unarodne diskusije na temu o\u010duvanja informacija i univerzalnog pristupa istima, te uklju\u010divanja svih razina dru\u0161tva u globalno informacijsko dru\u0161tvo.<\/li>\n<li><strong>Program \u201eSje\u0107anje svijeta\u201c<\/strong> (Memory of the World) koji je UNESCO pokrenuo 1995. godine s ciljem o\u010duvanja i upoznavanja sa rijetkim i ugro\u017eenim djelima pisane kulturne ba\u0161tine od univerzalnog zna\u010daja. Ovaj program se zala\u017ee za za\u0161titu vrijednih knjiga i dokumenata u knji\u017enicama i arhivima, i te na taj na\u010din osigurati o\u010duvanje povijesnog kulturnog naslje\u0111a ba\u0161tine, Programom je obuhva\u0107eno o\u010duvanje dokumenata na papiru, mikrofilmova, tonskih snimaka i filmova, a posebice ugro\u017eenih i jedinstvenih kulturnih zbirki.<\/li>\n<\/ul>\n<p>U dodatku na svoj redoviti program, CI sektor implementira razli\u010dite inter-regionalne, regionalne i nacionalne projekte sa ekstra-prora\u010dunskim fondovima za CI podteme, uglavnom u Africi, arapskim dr\u017eavama, Aziji, Pacifiku, Latinskoj Americi i Karibima. Te sektorske podteme su:<\/p>\n<ul>\n<li><strong>Pristup informacijama &#8211; <\/strong>UNESCO djeluje na stvaranje poticajnog okru\u017eenja koje \u0107e doprinijeti i olak\u0161ati univerzalni pristup informacijama i znanju, uklju\u010duju\u0107i i postavljanje standarda, podizanje svijesti i pra\u0107enje napretka. UNESCO tako\u0111er poma\u017ee razvoju efikasnih &#8220;infostruktura&#8221;, uklju\u010duju\u0107i i izgradnje informacijskih standarda i alata za upravljanje, ja\u010danje uloga knji\u017enica i arhiva kao klju\u010dnih aktera u izgradnji dru\u0161tva znanja, i poticanje pristupa na razini jedne zajednice.<\/li>\n<\/ul>\n<ul>\n<li><strong>Izgradnja kapaciteta \u2013 <\/strong>UNESCO projekti fokusirani na obuku ljudi u postizanju odre\u0111enih vje\u0161tine i sposobnosti za kriti\u010dko opa\u017eanje, procjenu i kori\u0161tenje informacija u svom profesionalnom i privatnom \u017eivotu. Ovi projekti se odnose, tako\u0111e, na obuku, permanentno obrazovanje i cjelo\u017eivotno u\u010denje stru\u010dnjaka u podru\u010dju medija i informacija, posebice u zemljama u razvoju.<\/li>\n<\/ul>\n<p>Drugo podru\u010dje djelovanje je izgradnja kapaciteta u kori\u0161\u0107enju informacijskih i komunikacijskih tehnologija (IKT) za obrazovanje, posebice u pogledu pobolj\u0161anja i \u0161irenja obuke nastavnika.<\/p>\n<ul>\n<li><strong>Razvoj sadr\u017eaja \u2013 <\/strong>nastavak UNESCO-ove potpore proizvodnje, \u0161irenja i o\u010duvanje kulturno raznolikih sadr\u017eaja. Akcija je usmjerena na javne slu\u017ebe emitiranja i proizvo\u0111a\u010de IKT sadr\u017eaja u vezi proizvodnje i distribucije programa koje odra\u017eavaju lokalno mi\u0161ljenje o glavnim dru\u0161tvenim pitanjima. Posebna se pozornost posve\u0107uje ulozi medija u promicanju dijaloga me\u0111u narodima, kulturama i civilizacijama.<\/li>\n<li><strong>Sloboda izra\u017eavanja &#8211; <\/strong>promocija slobode izra\u017eavanja i slobode tiska kao osnovnih ljudskih prava i preduvjeta demokratskog upravljanja i sudjelovanja civilnog dru\u0161tva. U sklopu ove podteme UNESCO proslavlja Svjetski dan slobode medija, kao i nagradu Guillermo Cano za slobodu tiska, kao i putem pra\u0107enje aktivnosti na tomu polju.Sloboda govora je sloboda da se govori slobodno, bez cenzure, dok se pojam \u201esloboda izra\u017eavanja\u201c koristi za ozna\u010davanje ne samo slobode verbalnog govora, nego i bilo koji \u010din tra\u017eenja, primanja i prijenosa informacija ili ideja, bez obzira na medij koji se pri tomu koristi.<\/li>\n<\/ul>\n<ul>\n<li><strong>Razvoj medija &#8211; <\/strong>UNESCO poma\u017ee zemljama \u010dlanicama, posebice zemljama u razvoju, u ja\u010danju njihove komunikacijske sposobnosti, odnosno razvoju neovisnih i pluralisti\u010dkih medija i pobolj\u0161avanja pristupa medijima uz uporabu modernih informacijsko-komunikacijske tehnologija, posebice putem me\u0111unarodnog programa za razvoj komunikacija ( IPDC).<\/li>\n<\/ul>\n<p>UNESCO poti\u010de razvoj neovisnih i pluralisti\u010dkih medije, posebice u podru\u010djima koji su u sukobu i post-konfliktnim podru\u010djima, kao i post-katastrofalnim situacijama, podr\u017eavaju\u0107i osnivanje medija sa sadr\u017eajima koji mogu pru\u017eiti nepristrasne informacija, pru\u017eanje savjetodavnih usluga o zakonodavstvu u vezi medija, kao i pru\u017eanju pomo\u0107i u obnovi medijskih infrastruktura.<\/p>\n<ul>\n<li><strong>O\u010duvanje dokumentacionog naslje\u0111a &#8211; <\/strong>dokumentacijsko naslje\u0111e u knji\u017enicama i arhivima predstavlja glavni dio povijesnog pam\u0107enja koje odra\u017eava raznolikost naroda, jezika i kultura. Prva i najhitnija potreba je da se osigura o\u010duvanje, odgovaraju\u0107im sredstvima, dokumentacijske ba\u0161tine koja je od svjetskog zna\u010daja. Tako\u0111er je va\u017eno da se osigura da ta ba\u0161tina bude dostupna \u0161to ve\u0107em broju ljudi, \u0161to je vi\u0161e mogu\u0107e, koriste\u0107i najprikladnije tehnologije, unutar i izvan zemlje u kojoj se nalazi.<\/li>\n<\/ul>\n<ul>\n<li><strong>Publikacije &#8211; <\/strong>publikovanje informacije o aktivnostima UNESCO-a (UNESCO Information Society Division) u vezi izgradnje informacijskog dru\u0161tva.<\/li>\n<\/ul>\n<p>Link za UNESCO Informacije i komunikacije <a class=\"fb-icon-element-1 fb-icon-element fontawesome-icon fa-link fas circle-no fusion-text-flow fusion-link icon-hover-animation-pulsate\" style=\"--awb-font-size:16px;--awb-margin-right:8px;\" href=\"https:\/\/www.unesco.org\/en\/communication-information\" target=\"_blank\" aria-label=\"Link to https:\/\/www.unesco.org\/en\/communication-information\" rel=\"noopener noreferrer\"><\/a>.<\/p>\n<\/div><\/div><\/div><div class=\"fusion-layout-column fusion_builder_column fusion-builder-column-1 awb-sticky awb-sticky-small awb-sticky-medium awb-sticky-large fusion_builder_column_1_4 1_4 fusion-flex-column\" style=\"--awb-padding-top:50px;--awb-padding-right:20px;--awb-padding-bottom:10px;--awb-padding-left:50px;--awb-overflow:hidden;--awb-bg-color:var(--awb-color3);--awb-bg-color-hover:var(--awb-color3);--awb-bg-size:cover;--awb-border-color:var(--awb-color5);--awb-border-left:3px;--awb-border-style:solid;--awb-border-radius:0px 0px 90px 0px;--awb-width-large:25%;--awb-margin-top-large:0px;--awb-spacing-right-large:7.68%;--awb-margin-bottom-large:20px;--awb-spacing-left-large:7.68%;--awb-width-medium:25%;--awb-order-medium:0;--awb-spacing-right-medium:7.68%;--awb-spacing-left-medium:7.68%;--awb-width-small:100%;--awb-order-small:0;--awb-spacing-right-small:1.92%;--awb-spacing-left-small:1.92%;\" data-scroll-devices=\"small-visibility,medium-visibility,large-visibility\"><div class=\"fusion-column-wrapper fusion-column-has-shadow fusion-flex-justify-content-flex-start fusion-content-layout-column\"><div class=\"fusion-image-element \" style=\"--awb-caption-title-font-family:var(--h2_typography-font-family);--awb-caption-title-font-weight:var(--h2_typography-font-weight);--awb-caption-title-font-style:var(--h2_typography-font-style);--awb-caption-title-size:var(--h2_typography-font-size);--awb-caption-title-transform:var(--h2_typography-text-transform);--awb-caption-title-line-height:var(--h2_typography-line-height);--awb-caption-title-letter-spacing:var(--h2_typography-letter-spacing);\"><span class=\" has-fusion-standard-logo fusion-imageframe imageframe-none imageframe-1 hover-type-none\"><img decoding=\"async\" src=\"https:\/\/unescobih.mcp.gov.ba\/wp-content\/uploads\/2025\/08\/unesco_logo_hr_ba.svg\" srcset=\"https:\/\/unescobih.mcp.gov.ba\/wp-content\/uploads\/2025\/08\/unesco_logo_hr_ba.svg 1x\" retina_url=\"\" class=\"img-responsive fusion-standard-logo\" alt=\"UNESCO BiH Logo\" \/><\/span><\/div><div class=\"fusion-separator fusion-has-icon fusion-full-width-sep\" style=\"align-self: center;margin-left: auto;margin-right: auto;margin-top:50px;margin-bottom:20px;width:100%;\"><div class=\"fusion-separator-border sep-single sep-solid\" style=\"--awb-height:20px;--awb-amount:20px;border-color:var(--awb-color3);border-top-width:1px;\"><\/div><span class=\"icon-wrapper\" style=\"border-color:var(--awb-color3);background-color:rgba(255,255,255,0);font-size:18px;width: 1.75em; height: 1.75em;border-width:1px;padding:1px;margin-top:-0.5px\"><i class=\"fa-link fas\" style=\"font-size: inherit;color:var(--awb-color5);\" aria-hidden=\"true\"><\/i><\/span><div class=\"fusion-separator-border sep-single sep-solid\" style=\"--awb-height:20px;--awb-amount:20px;border-color:var(--awb-color3);border-top-width:1px;\"><\/div><\/div><nav class=\"awb-menu awb-menu_column awb-menu_em-hover mobile-mode-collapse-to-button awb-menu_icons-left awb-menu_dc-yes mobile-trigger-fullwidth-off awb-menu_mobile-toggle awb-menu_indent-left mobile-size-full-absolute loading mega-menu-loading awb-menu_desktop awb-menu_arrows-main awb-menu_dropdown awb-menu_expand-right awb-menu_transition-fade\" style=\"--awb-main-justify-content:flex-start;--awb-mobile-justify:flex-start;--awb-mobile-caret-left:auto;--awb-mobile-caret-right:0;--awb-fusion-font-family-typography:inherit;--awb-fusion-font-style-typography:normal;--awb-fusion-font-weight-typography:400;--awb-fusion-font-family-submenu-typography:inherit;--awb-fusion-font-style-submenu-typography:normal;--awb-fusion-font-weight-submenu-typography:400;--awb-fusion-font-family-mobile-typography:inherit;--awb-fusion-font-style-mobile-typography:normal;--awb-fusion-font-weight-mobile-typography:400;\" aria-label=\"Mandat Menu\" data-breakpoint=\"1024\" data-count=\"0\" data-transition-type=\"fade\" data-transition-time=\"300\" data-expand=\"right\"><button type=\"button\" class=\"awb-menu__m-toggle awb-menu__m-toggle_no-text\" aria-expanded=\"false\" aria-controls=\"menu-mandat-menu\"><span class=\"awb-menu__m-toggle-inner\"><span class=\"collapsed-nav-text\"><span class=\"screen-reader-text\">Toggle Navigation<\/span><\/span><span class=\"awb-menu__m-collapse-icon awb-menu__m-collapse-icon_no-text\"><span class=\"awb-menu__m-collapse-icon-open awb-menu__m-collapse-icon-open_no-text fa-bars fas\"><\/span><span class=\"awb-menu__m-collapse-icon-close awb-menu__m-collapse-icon-close_no-text fa-times fas\"><\/span><\/span><\/span><\/button><ul id=\"menu-mandat-menu-hr\" class=\"fusion-menu awb-menu__main-ul awb-menu__main-ul_column\"><li  id=\"menu-item-1442\"  class=\"menu-item menu-item-type-post_type menu-item-object-page menu-item-1442 awb-menu__li awb-menu__main-li awb-menu__main-li_regular\"  data-item-id=\"1442\"><span class=\"awb-menu__main-background-default awb-menu__main-background-default_fade\"><\/span><span class=\"awb-menu__main-background-active awb-menu__main-background-active_fade\"><\/span><a  href=\"https:\/\/unescobih.mcp.gov.ba\/hr\/mandat-unesco-a\/\" class=\"awb-menu__main-a awb-menu__main-a_regular\"><span class=\"menu-text\">Mandat UNESCO-a<\/span><\/a><\/li><li  id=\"menu-item-1443\"  class=\"menu-item menu-item-type-post_type menu-item-object-page menu-item-1443 awb-menu__li awb-menu__main-li awb-menu__main-li_regular\"  data-item-id=\"1443\"><span class=\"awb-menu__main-background-default awb-menu__main-background-default_fade\"><\/span><span class=\"awb-menu__main-background-active awb-menu__main-background-active_fade\"><\/span><a  href=\"https:\/\/unescobih.mcp.gov.ba\/hr\/mandat-unesco-a\/kultura\/\" class=\"awb-menu__main-a awb-menu__main-a_regular\"><span class=\"menu-text\">Kultura<\/span><\/a><\/li><li  id=\"menu-item-1444\"  class=\"menu-item menu-item-type-post_type menu-item-object-page menu-item-1444 awb-menu__li awb-menu__main-li awb-menu__main-li_regular\"  data-item-id=\"1444\"><span class=\"awb-menu__main-background-default awb-menu__main-background-default_fade\"><\/span><span class=\"awb-menu__main-background-active awb-menu__main-background-active_fade\"><\/span><a  href=\"https:\/\/unescobih.mcp.gov.ba\/hr\/mandat-unesco-a\/obrazovanje\/\" class=\"awb-menu__main-a awb-menu__main-a_regular\"><span class=\"menu-text\">Obrazovanje<\/span><\/a><\/li><li  id=\"menu-item-1445\"  class=\"menu-item menu-item-type-post_type menu-item-object-page menu-item-1445 awb-menu__li awb-menu__main-li awb-menu__main-li_regular\"  data-item-id=\"1445\"><span class=\"awb-menu__main-background-default awb-menu__main-background-default_fade\"><\/span><span class=\"awb-menu__main-background-active awb-menu__main-background-active_fade\"><\/span><a  href=\"https:\/\/unescobih.mcp.gov.ba\/hr\/mandat-unesco-a\/informacije-i-komunikacije\/\" class=\"awb-menu__main-a awb-menu__main-a_regular\"><span class=\"menu-text\">Informacije i komunikacije<\/span><\/a><\/li><li  id=\"menu-item-1446\"  class=\"menu-item menu-item-type-post_type menu-item-object-page menu-item-1446 awb-menu__li awb-menu__main-li awb-menu__main-li_regular\"  data-item-id=\"1446\"><span class=\"awb-menu__main-background-default awb-menu__main-background-default_fade\"><\/span><span class=\"awb-menu__main-background-active awb-menu__main-background-active_fade\"><\/span><a  href=\"https:\/\/unescobih.mcp.gov.ba\/hr\/znanost\/\" class=\"awb-menu__main-a awb-menu__main-a_regular\"><span class=\"menu-text\">Znanost<\/span><\/a><\/li><\/ul><\/nav><div class=\"fusion-separator fusion-has-icon fusion-full-width-sep\" style=\"align-self: center;margin-left: auto;margin-right: auto;margin-top:20px;margin-bottom:50px;width:100%;\"><div class=\"fusion-separator-border sep-single sep-solid\" style=\"--awb-height:20px;--awb-amount:20px;border-color:var(--awb-color3);border-top-width:1px;\"><\/div><span class=\"icon-wrapper\" style=\"border-color:var(--awb-color3);background-color:rgba(255,255,255,0);font-size:18px;width: 1.75em; height: 1.75em;border-width:1px;padding:1px;margin-top:-0.5px\"><i class=\"fa-link fas\" style=\"font-size: inherit;color:var(--awb-color5);\" aria-hidden=\"true\"><\/i><\/span><div class=\"fusion-separator-border sep-single sep-solid\" style=\"--awb-height:20px;--awb-amount:20px;border-color:var(--awb-color3);border-top-width:1px;\"><\/div><\/div><\/div><\/div>\n<\/div><\/div>\n","protected":false},"excerpt":{"rendered":"","protected":false},"author":1,"featured_media":0,"parent":45,"menu_order":2,"comment_status":"closed","ping_status":"closed","template":"100-width.php","meta":{"footnotes":""},"class_list":["post-136","page","type-page","status-publish","hentry"],"_links":{"self":[{"href":"https:\/\/unescobih.mcp.gov.ba\/hr\/wp-json\/wp\/v2\/pages\/136","targetHints":{"allow":["GET"]}}],"collection":[{"href":"https:\/\/unescobih.mcp.gov.ba\/hr\/wp-json\/wp\/v2\/pages"}],"about":[{"href":"https:\/\/unescobih.mcp.gov.ba\/hr\/wp-json\/wp\/v2\/types\/page"}],"author":[{"embeddable":true,"href":"https:\/\/unescobih.mcp.gov.ba\/hr\/wp-json\/wp\/v2\/users\/1"}],"replies":[{"embeddable":true,"href":"https:\/\/unescobih.mcp.gov.ba\/hr\/wp-json\/wp\/v2\/comments?post=136"}],"version-history":[{"count":0,"href":"https:\/\/unescobih.mcp.gov.ba\/hr\/wp-json\/wp\/v2\/pages\/136\/revisions"}],"up":[{"embeddable":true,"href":"https:\/\/unescobih.mcp.gov.ba\/hr\/wp-json\/wp\/v2\/pages\/45"}],"wp:attachment":[{"href":"https:\/\/unescobih.mcp.gov.ba\/hr\/wp-json\/wp\/v2\/media?parent=136"}],"curies":[{"name":"wp","href":"https:\/\/api.w.org\/{rel}","templated":true}]}}