{"id":1339,"date":"2025-09-04T11:20:08","date_gmt":"2025-09-04T11:20:08","guid":{"rendered":"https:\/\/unescobih.mcp.gov.ba\/nauka\/"},"modified":"2025-11-11T12:53:34","modified_gmt":"2025-11-11T12:53:34","slug":"znanost","status":"publish","type":"page","link":"https:\/\/unescobih.mcp.gov.ba\/hr\/znanost\/","title":{"rendered":"Znanost"},"content":{"rendered":"<div class=\"fusion-fullwidth fullwidth-box fusion-builder-row-1 fusion-flex-container has-pattern-background has-mask-background nonhundred-percent-fullwidth non-hundred-percent-height-scrolling\" style=\"--awb-border-radius-top-left:0px;--awb-border-radius-top-right:0px;--awb-border-radius-bottom-right:0px;--awb-border-radius-bottom-left:0px;--awb-flex-wrap:wrap;\" ><div class=\"fusion-builder-row fusion-row fusion-flex-align-items-flex-start fusion-flex-content-wrap\" style=\"max-width:1456px;margin-left: calc(-4% \/ 2 );margin-right: calc(-4% \/ 2 );\"><div class=\"fusion-layout-column fusion_builder_column fusion-builder-column-0 fusion_builder_column_3_4 3_4 fusion-flex-column\" style=\"--awb-bg-size:cover;--awb-width-large:75%;--awb-margin-top-large:0px;--awb-spacing-right-large:2.56%;--awb-margin-bottom-large:20px;--awb-spacing-left-large:2.56%;--awb-width-medium:75%;--awb-order-medium:0;--awb-spacing-right-medium:2.56%;--awb-spacing-left-medium:2.56%;--awb-width-small:100%;--awb-order-small:0;--awb-spacing-right-small:1.92%;--awb-spacing-left-small:1.92%;\"><div class=\"fusion-column-wrapper fusion-column-has-shadow fusion-flex-justify-content-flex-start fusion-content-layout-column\"><div class=\"fusion-tabs fusion-tabs-1 classic nav-is-justified horizontal-tabs icon-position-left mobile-mode-accordion\" style=\"--awb-title-border-radius-top-left:0px;--awb-title-border-radius-top-right:0px;--awb-title-border-radius-bottom-right:0px;--awb-title-border-radius-bottom-left:0px;--awb-alignment:start;--awb-inactive-color:var(--awb-color2);--awb-background-color:var(--awb-color1);--awb-border-color:var(--awb-color3);--awb-active-border-color:#0077d4;\"><div class=\"nav\"><ul class=\"nav-tabs nav-justified\" role=\"tablist\" aria-orientation=\"horizontal\"><li class=\"active\" role=\"presentation\"><a class=\"tab-link\" data-toggle=\"tab\" role=\"tab\" aria-controls=\"tab-7d7ae4d76df1b7e09f4\" aria-selected=\"true\" tabindex=\"0\" id=\"fusion-tab-7d7ae4d76df1b7e09f4\" href=\"#tab-7d7ae4d76df1b7e09f4\"><h4 class=\"fusion-tab-heading\">Prirodne znanosti<\/h4><\/a><\/li><li  role=\"presentation\"><a class=\"tab-link\" data-toggle=\"tab\" role=\"tab\" aria-controls=\"tab-f68f643420522ac4482\" aria-selected=\"false\" tabindex=\"-1\" id=\"fusion-tab-f68f643420522ac4482\" href=\"#tab-f68f643420522ac4482\"><h4 class=\"fusion-tab-heading\">Dru\u0161tvene i humanisti\u010dke znanosti<\/h4><\/a><\/li><\/ul><\/div><div class=\"tab-content\"><div class=\"nav fusion-mobile-tab-nav\"><ul class=\"nav-tabs nav-justified\" role=\"tablist\" aria-orientation=\"horizontal\"><li class=\"active\" role=\"presentation\"><a class=\"tab-link\" data-toggle=\"tab\" role=\"tab\" aria-controls=\"tab-7d7ae4d76df1b7e09f4\" aria-selected=\"true\" tabindex=\"0\" id=\"mobile-fusion-tab-7d7ae4d76df1b7e09f4\" href=\"#tab-7d7ae4d76df1b7e09f4\"><h4 class=\"fusion-tab-heading\">Prirodne znanosti<\/h4><\/a><\/li><\/ul><\/div><div class=\"tab-pane fade fusion-clearfix in active\" role=\"tabpanel\" tabindex=\"0\" aria-labelledby=\"fusion-tab-7d7ae4d76df1b7e09f4\" id=\"tab-7d7ae4d76df1b7e09f4\">\n<p class=\"uvod\">Sektor za prirodne znanosti doprinosi misiji UNESCO-a koriste\u0107i znanost s ciljem izgradnje mira, iskorjenjivanja siroma\u0161tva i promocije odr\u017eivog razvoja.<\/p>\n<p><strong>UNESCO putem sektora prirodnih znanosti:<\/strong><\/p>\n<ul>\n<li>promovira znanost;<\/li>\n<li>djeluje kao platforma za razmjenu ideja i postavljanje standarda;<\/li>\n<li>promovira dijalog izme\u0111u znanstvenika i kreatora politike, i<\/li>\n<li>djeluje kao katalizator za inovativne inicijative u podru\u010dju znanosti \u0161irom svijeta, posebice u Africi.<\/li>\n<\/ul>\n<p>Izdvojene teme u okviru ovog podru\u010dja su: odr\u017eivi razvoj, osnovne i tehni\u010dke znanosti, ekologija, odnos izme\u0111u razvoja i o\u010duvanja \u017eivotne sredine i podru\u010dje voda i njihovih pridru\u017eenih ekosustav. Jedan od zna\u010dajnijih programa koji se provodi u ovom podru\u010dju je Me\u0111unarodni hidrolo\u0161ki program (IHP) \u010diji je osnovni cilj da se ugro\u017eenost vodnih resursa svede na najmanju mogu\u0107u mjeru, uzimaju\u0107i pri tom u obzir dru\u0161tvene izazove i interakcije, uz kreiranje odgovaraju\u0107ih pristupa odr\u017eivom upravljanju vodama.<\/p>\n<p>U okviru srednjoro\u010dne strategije UNESCO-a za razdoblje 2008-2013 (Dokument 34 C\/4) kao sveobuhvatni ciljevi za podru\u010dje prirodnih znanosti navedeni su:<\/p>\n<ul>\n<li>Usavr\u0161avanje znanstvenog znanja za korist \u017eivotne sredine i upravljanja prirodnim resursima;<\/li>\n<li>Unapre\u0111enje politike i izgradnje kapaciteta u podru\u010dju znanosti, tehnologije i inovacija;<\/li>\n<li>Doprinos pripremljenosti za prirodne katastrofe i ubla\u017eavanje njihovih posljedica.<\/li>\n<\/ul>\n<p><strong>Provo\u0111enje aktivnosti sektora prirodnih znanosti u okviru konteksta UNESCO-vog strate\u0161kog planiranja kao i rukovo\u0111enje koje se zasniva na rezultatima grupisani su u \u010detiri glavne linije akcija:<\/strong><\/p>\n<ul>\n<li>pove\u0107anje primjene znanosti putem integrirane politike znanosti, tehnologije i inovacija;<\/li>\n<li>ja\u010danje znanstvenog obrazovanja i izgradnje kapaciteta u znanostima;<\/li>\n<li>promoviranje odr\u017eivog upravljanja i o\u010duvanja slatkovodnih, zemaljskih resursa i biodiverziteta, kao i otpornosti na katastrofe;<\/li>\n<li>pobolj\u0161anje upravljanja i ja\u010danje me\u0111udr\u017eavne suradnje za upravljanje i za\u0161titu oceana i priobalne zone.<\/li>\n<\/ul>\n<p>Sektor prirodnih znanosti vodi UNESCO-ov interdisciplinarni rad u sljede\u0107im podru\u010djima: aktivnost UNESCO-a na rje\u0161avanju problema u vezi sa klimatskim promjena; znanstvenog obrazovanja; i doprinosa implementaciji Mauricijus strategije za odr\u017eivi razvoj malih ostrvskih zemalja u razvoju.<\/p>\n<p>Glavni programi u prirodnim znanostima su:<\/p>\n<ul>\n<li>Znanosti o vodama<\/li>\n<li>Ekolo\u0161ke znanosti<\/li>\n<li>Znanosti o oceanu<\/li>\n<li>Osnovne (fundamentalne) znanosti<\/li>\n<li>Politika znanosti i tehnologije<\/li>\n<li>Odr\u017eivi \u017eivot u malim ostrvskim zemljama u razvoju<\/li>\n<li>Sustavi lokalnih i domoroda\u010dkih znanja<\/li>\n<li>Klimatske promjene<\/li>\n<li>Obnovljiva energija<\/li>\n<li>In\u017eenjering<\/li>\n<li>Smanjene broja prirodnih katastrofa.<\/li>\n<\/ul>\n<p>Od svog osnivanja 1945. godine, UNESCO je djelovao kao katalizator za formiranje mnogih znanstvenih udruga i tijela, kao \u0161to su Program \u010covjek i biosfera (MaB) i Me\u0111unarodni Hidrolo\u0161ki program (IHP), koji su pokrenuti u prvim decenijama rada UNESCO.<\/p>\n<p>Sektor za prirodne znanosti provodi velike me\u0111unarodne programe u sljede\u0107im podru\u010djima: slatkovodni svijet, marine, ekolo\u0161ke znanosti, znanosti o Zemlji i osnovne znanosti. Naglasak se daje zemljama u razvoju, kao i na prirodne katastrofe i njihovu prevenciju. Programi su dizajnirani da odgovore na klimatske promjene, rodnu ravnopravnosti, odr\u017eivi razvoj i iskorenjivanje siroma\u0161tva, posebice u malim ostrvskim zemljama u razvoju.<\/p>\n<p>Sektor prirodnih znanosti, sa osobljem od oko 200 ljudi u UNESCO-u i uredima na terenu, na \u010delu sa pomo\u0107nikom generalne ravnateljice g-\u0111om Grethen Kalonji, provodi aktivnosti \u0161irom svijeta. Postoji pet regionalnih ureda za znanost UNESCO-a:<\/p>\n<ul>\n<li>Najrobi (Afrika);<\/li>\n<li>D\u017eakarta (Azija i Pacifik);<\/li>\n<li>Venecija (Evropa i Sjeverna Amerika);<\/li>\n<li>Kairo (arapske dr\u017eave) i<\/li>\n<li>Montevideo (Latinska Amerika i Karibi).<\/li>\n<\/ul>\n<p>Centralni zna\u010daj u aktivnostima sektora za prirodne znanosti imaju Me\u0111unarodni znanstveni programi:<\/p>\n<ul>\n<li>Me\u0111unarodni hidrolo\u0161ki program (IHP);<\/li>\n<li>Me\u0111uvladino povjerenstvo za oceanografiju (MOK);<\/li>\n<li>Program \u010covjek i biosfera (MAB);<\/li>\n<li>Me\u0111unarodni program u podru\u010dju znanosti o Zemlji (IGCP);<\/li>\n<li>Me\u0111unarodni program osnovnih znanosti (IBSP).<\/li>\n<\/ul>\n<p>Sektor prirodnih znanosti tako\u0111er provodi svoje programe kroz:<\/p>\n<ul>\n<li>UNESCO-IHE Institut za vode, u Delftu, Holandija;<\/li>\n<li>&#8220;Abdus Salam&#8221; Me\u0111unarodni centar za teorijsku fiziku (ICTP), u Trstu, Italija;<\/li>\n<li>Zavod za statistiku UNESCO, u Montrealu, Kanada i<\/li>\n<li>mre\u017eu povezanih sredi\u0161ta u podru\u010dju voda, obnovljivih izvora energije, znanstvene politike, biotehnologije i znanosti o Zemlji.<\/li>\n<\/ul>\n<p>Link za UNESCO Prirodne znanosti <a class=\"fb-icon-element-1 fb-icon-element fontawesome-icon fa-link fas circle-no fusion-text-flow fusion-link icon-hover-animation-pulsate\" style=\"--awb-font-size:16px;--awb-margin-right:8px;\" href=\"https:\/\/www.unesco.org\/en\/natural-sciences\" target=\"_blank\" aria-label=\"Link to https:\/\/www.unesco.org\/en\/natural-sciences\" rel=\"noopener noreferrer\"><\/a>.<\/p>\n<\/div><div class=\"nav fusion-mobile-tab-nav\"><ul class=\"nav-tabs nav-justified\" role=\"tablist\" aria-orientation=\"horizontal\"><li  role=\"presentation\"><a class=\"tab-link\" data-toggle=\"tab\" role=\"tab\" aria-controls=\"tab-f68f643420522ac4482\" aria-selected=\"false\" tabindex=\"-1\" id=\"mobile-fusion-tab-f68f643420522ac4482\" href=\"#tab-f68f643420522ac4482\"><h4 class=\"fusion-tab-heading\">Dru\u0161tvene i humanisti\u010dke znanosti<\/h4><\/a><\/li><\/ul><\/div><div class=\"tab-pane fade fusion-clearfix\" role=\"tabpanel\" tabindex=\"0\" aria-labelledby=\"fusion-tab-f68f643420522ac4482\" id=\"tab-f68f643420522ac4482\">\n<p class=\"uvod\">Osnovna pitanja kojima se bavi ovo podru\u010dje su pitanja dru\u0161tvenih promjena, multikulturalizma, urbanih problema, etike u znanosti i tehnologiji, bioetike, filozofije, ljudskog genoma, te promoviranja ljudskih prava, demokratskih na\u010dela i tolerancije. UNESCO smatra da se znanstveni i tehnolo\u0161ki napredak mora postaviti u kontekstu eti\u010dke refleksije prema kulturnom, pravnom, filozofskom i religijskom nasl\u0458e\u0111u razli\u010ditih ljudskih zajednica. U podru\u010dju bioetike UNESCO se bavi postavljanjem standarda, izradom pravnih instrumenata, savjetovanjem vlada i koordinacijom me\u0111uvladinih organizacija.<\/p>\n<p>Provo\u0111enje aktivnosti sektora kulture u okviru konteksta UNESCO-vog strate\u0161kog planiranja kao i rukovo\u0111enje koje se zasniva na rezultatima grupisani su u dvije glavne linije akcije:<\/p>\n<ul>\n<li>Odgovor na klju\u010dne globalne dru\u0161tvene izazove,<\/li>\n<li>Bavljenje globalno najzna\u010dajnijim eti\u010dkim pitanjima.<\/li>\n<\/ul>\n<p><strong>Glavne teme koje pokriva Sektor za dru\u0161tvene i humanisti\u010dke nauke:<\/strong><\/p>\n<ul>\n<li><strong>Etika u znanosti i tehnologiji\u00a0<\/strong>(etika, bioetika, znanost i tehnologija): Osnovna funkcija UNESCO-a u ovom podru\u010dju je kreiranje Laboratorije ideja \u2013 bavljenje goru\u0107im eti\u010dkim izazovima stvaranjem intelektualnog foruma za multidisciplinarnu, pluralisti\u010dku i multikulturalnu refleksiju po pitanju etike u znanosti. Ovim pitanjem se bave i dva me\u0111unarodna odbora:\n<ul>\n<li>Me\u0111unarodni bioeti\u010dki odbor (IBC)<\/li>\n<li>Me\u0111uvladin bioeti\u010dki odbor (IGBC)<\/li>\n<\/ul>\n<\/li>\n<li><strong>Ljudska prava:<\/strong>\u00a0Rad UNESCO-a u okviru ove teme je fokusiran na poticanje istra\u017eivanja i \u0161irenje informacija o stanju ljudskih prava, promoviranje obrazovanja o ljudskim pravima, borba protiv svih vidova diskriminacije, poticanje suradnje izme\u0111u pojedinaca i stvaranje mre\u017ea, promoviranje demokracije i istra\u017eivanje novih formi nasilja. Od aktivnosti u ovom podru\u010dju izdvajamo posebice sljede\u0107e teme:\n<ul>\n<li>borba protiv diskriminacije, posebno borba protiv diskriminacije oboljelih od HIV\/AIDS i kampanje usmjerene na mlade,<\/li>\n<li>promoviranje rodne jednakosti,<\/li>\n<li>filozofija: UNESCO je od svog osnivanja blisko povezan sa filozofijom u smislu kriti\u010dkog propitivanja stvarnosti. UNESCO je i nastao u procesu promi\u0161ljanja mogu\u0107nosti izgradnje trajnog mira, te u tom smislu predstavlja institucionalni odgovor na filozofska pitanja. Osnovne aktivnost u okviru ove teme se realiziraju obilje\u017eavanjem Svjetskog dana filozofije, izgradnjom mre\u017ee \u017eena filozofa, i pitanjima kao \u0161to su filozofski dijalog i predavanje filozofije.<\/li>\n<li>demokracija: UNESCO ima klju\u010dnu ulogu u promoviraju demokratskih vrijednosti i principa. Ustav UNESCO-a se poziva na demokratske ideale pravde, slobode, jednakosti i solidarnosti, i ova tri principa uzima kao osnov za proces izgradnje mira. Ostvarenje demokratskih ideala je stoga jedna od klju\u010dnih aktivnosti UNESCO-a.<\/li>\n<\/ul>\n<\/li>\n<li><strong>Dru\u0161tvene transformacije:\u00a0<\/strong>MOST program se bavi promocijom istra\u017eivanja u podru\u010dju dru\u0161tvenih znanosti. Fokus ovog programa je povezivanje istra\u017eivanja sa politikama i praksom. Program promovira izradu politika koja se bazira na dokazima, kako na nacionalnom tako i na regionalnoj i me\u0111unarodnoj razini. Pored toga, u okviru ove teme UNESCO realizuje brojne aktivnosti u podru\u010dju me\u0111unarodnih migracija, urbanog razvoja, mladih i nacionalnih istra\u017eiva\u010dkih sustava.<\/li>\n<li><strong>Sport:\u00a0<\/strong>Osnovne aktivnosti u podru\u010dju sporta se odvijaju u okviru tema tjelesni odgoj i anti-doping. Od tema izdvajamo: kvaliteta tjelesnog odgoja, tradicionalni sportovi i igre, \u017eene u sportu, edukacija i izrada promotivnih materijala za podru\u010dje anti-dopinga, itd. Putem Fonda za eliminaciju dopinga u sportu pru\u017ea se financijska potpora dr\u017eavama \u010dlanicama u razvoju efikasnih anti-doping programa, u skladu sa Me\u0111unarodnom konvencijom za borbu protiv dopinga u sportu.<\/li>\n<\/ul>\n<p>U okviru Sektora za dru\u0161tvene i humanisti\u010dke znanosti se vode i dvije baze podataka:<\/p>\n<ul>\n<li><a href=\"http:\/\/www.unesco.org\/new\/en\/social-and-human-sciences\/themes\/global-ethics-observatory\/access-geobs\/\" target=\"_blank\" rel=\"noopener\">Globalna eti\u010dka opservatorija<\/a><\/li>\n<li><a href=\"http:\/\/www.unesco.org\/new\/en\/social-and-human-sciences\/themes\/social-transformations\/most-programme\/sharing-knowledge\/policy-research-tool\/\" target=\"_blank\" rel=\"noopener\">MOST Policy Research Tool<\/a><\/li>\n<\/ul>\n<p>U podru\u010dju dru\u0161tvenih i humanisti\u010dkih znanosti UNESCO dodijeljuje i brojne nagrade za razli\u010dita postignu\u0107a: Aviccena nagradu za etiku u znanosti, UNESCO &#8211; Bilbao nagradu za promociju ljudskih prava, UNESCO &#8211; Jose Marti nagradu, UNESCO &#8211; Simon Bolivar nagradu, UNESCO &#8211; Juan Bosch nagradu za promoviranje istra\u017eivanja u oblasti dru\u0161tvenih znanosti u Latinskoj Americi i Karibima, UNESCO &#8211; Mandajeet Sing nagradu za promociju tolerancije i nenasilja, UNESCO nagradu za obrazovanje o miru.<\/p>\n<p>Link za UNESCO Dru\u0161tvene i humanisti\u010dke znanosti <a class=\"fb-icon-element-2 fb-icon-element fontawesome-icon fa-link fas circle-no fusion-text-flow fusion-link icon-hover-animation-pulsate\" style=\"--awb-font-size:16px;--awb-margin-right:8px;\" href=\"http:\/\/www.unesco.org\/en\/social-and-human-sciences\/\" target=\"_blank\" aria-label=\"Link to http:\/\/www.unesco.org\/en\/social-and-human-sciences\/\" rel=\"noopener noreferrer\"><\/a>.<\/p>\n<\/div><\/div><\/div><\/div><\/div><div class=\"fusion-layout-column fusion_builder_column fusion-builder-column-1 awb-sticky awb-sticky-small awb-sticky-medium awb-sticky-large fusion_builder_column_1_4 1_4 fusion-flex-column\" style=\"--awb-padding-top:50px;--awb-padding-right:20px;--awb-padding-bottom:10px;--awb-padding-left:50px;--awb-overflow:hidden;--awb-bg-color:var(--awb-color3);--awb-bg-color-hover:var(--awb-color3);--awb-bg-size:cover;--awb-border-color:var(--awb-color5);--awb-border-left:3px;--awb-border-style:solid;--awb-border-radius:0px 0px 90px 0px;--awb-width-large:25%;--awb-margin-top-large:0px;--awb-spacing-right-large:7.68%;--awb-margin-bottom-large:20px;--awb-spacing-left-large:7.68%;--awb-width-medium:25%;--awb-order-medium:0;--awb-spacing-right-medium:7.68%;--awb-spacing-left-medium:7.68%;--awb-width-small:100%;--awb-order-small:0;--awb-spacing-right-small:1.92%;--awb-spacing-left-small:1.92%;\" data-scroll-devices=\"small-visibility,medium-visibility,large-visibility\"><div class=\"fusion-column-wrapper fusion-column-has-shadow fusion-flex-justify-content-flex-start fusion-content-layout-column\"><div class=\"fusion-image-element \" style=\"--awb-caption-title-font-family:var(--h2_typography-font-family);--awb-caption-title-font-weight:var(--h2_typography-font-weight);--awb-caption-title-font-style:var(--h2_typography-font-style);--awb-caption-title-size:var(--h2_typography-font-size);--awb-caption-title-transform:var(--h2_typography-text-transform);--awb-caption-title-line-height:var(--h2_typography-line-height);--awb-caption-title-letter-spacing:var(--h2_typography-letter-spacing);\"><span class=\" has-fusion-standard-logo fusion-imageframe imageframe-none imageframe-1 hover-type-none\"><img decoding=\"async\" src=\"https:\/\/unescobih.mcp.gov.ba\/wp-content\/uploads\/2025\/08\/unesco_logo_hr_ba.svg\" srcset=\"https:\/\/unescobih.mcp.gov.ba\/wp-content\/uploads\/2025\/08\/unesco_logo_hr_ba.svg 1x\" retina_url=\"\" class=\"img-responsive fusion-standard-logo\" alt=\"UNESCO BiH Logo\" \/><\/span><\/div><div class=\"fusion-separator fusion-has-icon fusion-full-width-sep\" style=\"align-self: center;margin-left: auto;margin-right: auto;margin-top:50px;margin-bottom:20px;width:100%;\"><div class=\"fusion-separator-border sep-single sep-solid\" style=\"--awb-height:20px;--awb-amount:20px;border-color:var(--awb-color3);border-top-width:1px;\"><\/div><span class=\"icon-wrapper\" style=\"border-color:var(--awb-color3);background-color:rgba(255,255,255,0);font-size:18px;width: 1.75em; height: 1.75em;border-width:1px;padding:1px;margin-top:-0.5px\"><i class=\"fa-link fas\" style=\"font-size: inherit;color:var(--awb-color5);\" aria-hidden=\"true\"><\/i><\/span><div class=\"fusion-separator-border sep-single sep-solid\" style=\"--awb-height:20px;--awb-amount:20px;border-color:var(--awb-color3);border-top-width:1px;\"><\/div><\/div><nav class=\"awb-menu awb-menu_column awb-menu_em-hover mobile-mode-collapse-to-button awb-menu_icons-left awb-menu_dc-yes mobile-trigger-fullwidth-off awb-menu_mobile-toggle awb-menu_indent-left mobile-size-full-absolute loading mega-menu-loading awb-menu_desktop awb-menu_arrows-main awb-menu_dropdown awb-menu_expand-right awb-menu_transition-fade\" style=\"--awb-main-justify-content:flex-start;--awb-mobile-justify:flex-start;--awb-mobile-caret-left:auto;--awb-mobile-caret-right:0;--awb-fusion-font-family-typography:inherit;--awb-fusion-font-style-typography:normal;--awb-fusion-font-weight-typography:400;--awb-fusion-font-family-submenu-typography:inherit;--awb-fusion-font-style-submenu-typography:normal;--awb-fusion-font-weight-submenu-typography:400;--awb-fusion-font-family-mobile-typography:inherit;--awb-fusion-font-style-mobile-typography:normal;--awb-fusion-font-weight-mobile-typography:400;\" aria-label=\"Mandat Menu\" data-breakpoint=\"1024\" data-count=\"0\" data-transition-type=\"fade\" data-transition-time=\"300\" data-expand=\"right\"><button type=\"button\" class=\"awb-menu__m-toggle awb-menu__m-toggle_no-text\" aria-expanded=\"false\" aria-controls=\"menu-mandat-menu\"><span class=\"awb-menu__m-toggle-inner\"><span class=\"collapsed-nav-text\"><span class=\"screen-reader-text\">Toggle Navigation<\/span><\/span><span class=\"awb-menu__m-collapse-icon awb-menu__m-collapse-icon_no-text\"><span class=\"awb-menu__m-collapse-icon-open awb-menu__m-collapse-icon-open_no-text fa-bars fas\"><\/span><span class=\"awb-menu__m-collapse-icon-close awb-menu__m-collapse-icon-close_no-text fa-times fas\"><\/span><\/span><\/span><\/button><ul id=\"menu-mandat-menu-hr\" class=\"fusion-menu awb-menu__main-ul awb-menu__main-ul_column\"><li  id=\"menu-item-1442\"  class=\"menu-item menu-item-type-post_type menu-item-object-page menu-item-1442 awb-menu__li awb-menu__main-li awb-menu__main-li_regular\"  data-item-id=\"1442\"><span class=\"awb-menu__main-background-default awb-menu__main-background-default_fade\"><\/span><span class=\"awb-menu__main-background-active awb-menu__main-background-active_fade\"><\/span><a  href=\"https:\/\/unescobih.mcp.gov.ba\/hr\/mandat-unesco-a\/\" class=\"awb-menu__main-a awb-menu__main-a_regular\"><span class=\"menu-text\">Mandat UNESCO-a<\/span><\/a><\/li><li  id=\"menu-item-1443\"  class=\"menu-item menu-item-type-post_type menu-item-object-page menu-item-1443 awb-menu__li awb-menu__main-li awb-menu__main-li_regular\"  data-item-id=\"1443\"><span class=\"awb-menu__main-background-default awb-menu__main-background-default_fade\"><\/span><span class=\"awb-menu__main-background-active awb-menu__main-background-active_fade\"><\/span><a  href=\"https:\/\/unescobih.mcp.gov.ba\/hr\/mandat-unesco-a\/kultura\/\" class=\"awb-menu__main-a awb-menu__main-a_regular\"><span class=\"menu-text\">Kultura<\/span><\/a><\/li><li  id=\"menu-item-1444\"  class=\"menu-item menu-item-type-post_type menu-item-object-page menu-item-1444 awb-menu__li awb-menu__main-li awb-menu__main-li_regular\"  data-item-id=\"1444\"><span class=\"awb-menu__main-background-default awb-menu__main-background-default_fade\"><\/span><span class=\"awb-menu__main-background-active awb-menu__main-background-active_fade\"><\/span><a  href=\"https:\/\/unescobih.mcp.gov.ba\/hr\/mandat-unesco-a\/obrazovanje\/\" class=\"awb-menu__main-a awb-menu__main-a_regular\"><span class=\"menu-text\">Obrazovanje<\/span><\/a><\/li><li  id=\"menu-item-1445\"  class=\"menu-item menu-item-type-post_type menu-item-object-page menu-item-1445 awb-menu__li awb-menu__main-li awb-menu__main-li_regular\"  data-item-id=\"1445\"><span class=\"awb-menu__main-background-default awb-menu__main-background-default_fade\"><\/span><span class=\"awb-menu__main-background-active awb-menu__main-background-active_fade\"><\/span><a  href=\"https:\/\/unescobih.mcp.gov.ba\/hr\/mandat-unesco-a\/informacije-i-komunikacije\/\" class=\"awb-menu__main-a awb-menu__main-a_regular\"><span class=\"menu-text\">Informacije i komunikacije<\/span><\/a><\/li><li  id=\"menu-item-1446\"  class=\"menu-item menu-item-type-post_type menu-item-object-page menu-item-1446 awb-menu__li awb-menu__main-li awb-menu__main-li_regular\"  data-item-id=\"1446\"><span class=\"awb-menu__main-background-default awb-menu__main-background-default_fade\"><\/span><span class=\"awb-menu__main-background-active awb-menu__main-background-active_fade\"><\/span><a  href=\"https:\/\/unescobih.mcp.gov.ba\/hr\/znanost\/\" class=\"awb-menu__main-a awb-menu__main-a_regular\"><span class=\"menu-text\">Znanost<\/span><\/a><\/li><\/ul><\/nav><div class=\"fusion-separator fusion-has-icon fusion-full-width-sep\" style=\"align-self: center;margin-left: auto;margin-right: auto;margin-top:20px;margin-bottom:50px;width:100%;\"><div class=\"fusion-separator-border sep-single sep-solid\" style=\"--awb-height:20px;--awb-amount:20px;border-color:var(--awb-color3);border-top-width:1px;\"><\/div><span class=\"icon-wrapper\" style=\"border-color:var(--awb-color3);background-color:rgba(255,255,255,0);font-size:18px;width: 1.75em; height: 1.75em;border-width:1px;padding:1px;margin-top:-0.5px\"><i class=\"fa-link fas\" style=\"font-size: inherit;color:var(--awb-color5);\" aria-hidden=\"true\"><\/i><\/span><div class=\"fusion-separator-border sep-single sep-solid\" style=\"--awb-height:20px;--awb-amount:20px;border-color:var(--awb-color3);border-top-width:1px;\"><\/div><\/div><\/div><\/div>\n<\/div><\/div>\n","protected":false},"excerpt":{"rendered":"","protected":false},"author":1,"featured_media":0,"parent":0,"menu_order":0,"comment_status":"closed","ping_status":"closed","template":"100-width.php","meta":{"footnotes":""},"class_list":["post-1339","page","type-page","status-publish","hentry"],"_links":{"self":[{"href":"https:\/\/unescobih.mcp.gov.ba\/hr\/wp-json\/wp\/v2\/pages\/1339","targetHints":{"allow":["GET"]}}],"collection":[{"href":"https:\/\/unescobih.mcp.gov.ba\/hr\/wp-json\/wp\/v2\/pages"}],"about":[{"href":"https:\/\/unescobih.mcp.gov.ba\/hr\/wp-json\/wp\/v2\/types\/page"}],"author":[{"embeddable":true,"href":"https:\/\/unescobih.mcp.gov.ba\/hr\/wp-json\/wp\/v2\/users\/1"}],"replies":[{"embeddable":true,"href":"https:\/\/unescobih.mcp.gov.ba\/hr\/wp-json\/wp\/v2\/comments?post=1339"}],"version-history":[{"count":0,"href":"https:\/\/unescobih.mcp.gov.ba\/hr\/wp-json\/wp\/v2\/pages\/1339\/revisions"}],"wp:attachment":[{"href":"https:\/\/unescobih.mcp.gov.ba\/hr\/wp-json\/wp\/v2\/media?parent=1339"}],"curies":[{"name":"wp","href":"https:\/\/api.w.org\/{rel}","templated":true}]}}