{"id":129,"date":"2025-08-07T10:01:42","date_gmt":"2025-08-07T10:01:42","guid":{"rendered":"https:\/\/unescobih.mcp.gov.ba\/mandat-unesco-a\/obrazovanje\/"},"modified":"2025-11-11T12:40:33","modified_gmt":"2025-11-11T12:40:33","slug":"obrazovanje","status":"publish","type":"page","link":"https:\/\/unescobih.mcp.gov.ba\/hr\/mandat-unesco-a\/obrazovanje\/","title":{"rendered":"Obrazovanje"},"content":{"rendered":"<div class=\"fusion-fullwidth fullwidth-box fusion-builder-row-1 fusion-flex-container has-pattern-background has-mask-background nonhundred-percent-fullwidth non-hundred-percent-height-scrolling\" style=\"--awb-border-radius-top-left:0px;--awb-border-radius-top-right:0px;--awb-border-radius-bottom-right:0px;--awb-border-radius-bottom-left:0px;--awb-flex-wrap:wrap;\" ><div class=\"fusion-builder-row fusion-row fusion-flex-align-items-flex-start fusion-flex-content-wrap\" style=\"max-width:1456px;margin-left: calc(-4% \/ 2 );margin-right: calc(-4% \/ 2 );\"><div class=\"fusion-layout-column fusion_builder_column fusion-builder-column-0 fusion_builder_column_3_4 3_4 fusion-flex-column\" style=\"--awb-bg-size:cover;--awb-width-large:75%;--awb-margin-top-large:0px;--awb-spacing-right-large:2.56%;--awb-margin-bottom-large:20px;--awb-spacing-left-large:2.56%;--awb-width-medium:75%;--awb-order-medium:0;--awb-spacing-right-medium:2.56%;--awb-spacing-left-medium:2.56%;--awb-width-small:100%;--awb-order-small:0;--awb-spacing-right-small:1.92%;--awb-spacing-left-small:1.92%;\"><div class=\"fusion-column-wrapper fusion-column-has-shadow fusion-flex-justify-content-flex-start fusion-content-layout-column\"><div class=\"fusion-text fusion-text-1\"><p class=\"uvod\">UNESCO radi na unapre\u0111enju obrazovanja \u0161irom svijeta putem prakti\u010dnog savjetovanja, postavljanja standarda, inovativnih projekata i umre\u017eavanja. \u0160est ciljeva u okviru inicijative pod nazivom Obrazovanje za sve (Education for All \u2013 EFA), koji su usvojeni od strane 164 zemlje na Svjetskom forumu o obrazovanju koji je odr\u017ean 2000. godine su postali glavni prioritet organizacije u ovom podru\u010dju. \u0160est ciljeva inicijative obrazovanje za sve su:<\/p>\n<ul>\n<li>Razvoj brige o djeci i obrazovanje u ranom detinjstvu;<\/li>\n<li>Obezbije\u0111ivanje besplatnog i obaveznog osnovnog obrazovanja za sve do 2015. godine;<\/li>\n<li>Odgovaraju\u0107e obrazovanje u stjecanju znanja i vje\u0161tina va\u017enih za \u017eivot u okviru programa za mlade i odrasle;<\/li>\n<li>Postizanje pobolj\u0161anja od 50% na razini pismenosti kod odraslih do 2015. godine;<\/li>\n<li>Iskorijenjivanje rodnih razlika i postizanje rodne jednakosti u obrazovanju do 2015. godine;<\/li>\n<li>Pobolj\u0161anje op\u0107e kvalitete obrazovanja.<\/li>\n<\/ul>\n<p>Pored globalne inicijative \u201eObrazovanje za sve\u201c, programsko podru\u010dje obrazovanja pokriva i ove teme: osnovno obrazovanje, obrazovanje djevoj\u010dica i \u017eena, opismenjavanje, strukovno i tehni\u010dko obrazovanje, visoko \u0161kolstvo, obrazovanje nastavnika, obrazovanje za odr\u017eivi razvoj, udru\u017eene \u0161kole, e-u\u010denje.<\/p>\n<p><strong>Izdvojene teme:<\/strong><\/p>\n<ul>\n<li><strong>Izgradnja obrazovanja<\/strong>:\n<ul>\n<li>Pismenost:Pismenost je va\u017ena jer se radi o ljudskom pravu, sredstvu osobne emancipacije i razvoja pojedinca. Procjenjuje se da je svaka peta odrasla osoba na svijetu nepismena, od \u010dega su dvije tre\u0107ine \u017eene. UNESCO poma\u017ee u kreiranju i implementaciji razli\u010ditih programa opismenjavanja kao i u izradi strategija koje se bave ovim problemom. U svrhu promoviranja borbe protiv nepismenosti, svake godine se pojedincima ili institucijama dodijeljuju UNESCO me\u0111unarodne nagrade za pismenost: King Sejong i Confucious.<\/li>\n<li>Edukacija nastavnika: Cilj UNESCO-a je da postane globalni lider u educiranju nastavnika., sa posebnim fokusom na edukaciji o temama kao \u0161to su rodna jednakost, HIV\/AIDS te obuke iz podru\u010dja informacijskih tehnologija, posebice u okviru procesa suradnje Jug-Jug.<\/li>\n<li>Tehni\u010dko i stru\u010dno obrazovanje i obuka (TVET): je integralni dio inicijative Obrazovanje za sve i orijentiran je na stjecanje vje\u0161tina koje omogu\u0107avaju ekonomski rast i doprinose iskorijenjivanju siroma\u0161tva.<\/li>\n<\/ul>\n<\/li>\n<li><strong>Ja\u010danje obrazovnih sistema<\/strong>:\n<ul>\n<li>Rano djetinjstvo: U zemljama u razvoju, 10.5 milijuna djece svake godine umire od bolesti koje je mogu\u0107e sprije\u010diti. UNESCO promovira programe njege i edukacije u ranom djetinjstvu (ECCE) koji su fokusirani na zdravlje, ishranu, sigurnost i u\u010denje kao holisti\u010dki pristup razvoju djeteta. ECCE je dio \u0161ireg programa kojim se promovira inkluzivno obrazovanje.<\/li>\n<li>Srednje obrazovanje: UNESCO poma\u017ee nerazvijenim zemljama da omogu\u0107e srednje obrazovanje sve ve\u0107em broju zainteresiranih. Naglasak je na tehni\u010dkom i stru\u010dnom obrazovanju i obuci koji omogu\u0107avaju zapo\u0161ljavanje i iskorijenjivanje siroma\u0161tva.<\/li>\n<li>Visoko obrazovanje: UNESCO je jedina agencija UN sustava sa mandatom u oblasti visokog obrazovanja. U ovoj oblasti UNESCO se bavi pitanjima preko-grani\u010dnog visokog obrazovanja i garancije kvalitete s posebnim fokusom na mobilnosti i priznavanju kvalifikacija. Tako\u0111er, UNESCO radi na ja\u010danju istra\u017eiva\u010dkih kapaciteta visoko\u0161kolskih instutucija i \u0161irenju znanja preko granica.<\/li>\n<li>Obrazovanje odraslih: podrazumijeva cjelo\u017eivotno u\u010denje, pismenost i neformalno obrazovanje. Usavr\u0161avanje cjelo\u017eivotnog u\u010denja se vr\u0161i putem relavantne politike, istra\u017eivanja, institucionalnih okvira i ovla\u0161tenih mehanizama, uklju\u010duju\u0107i neformalno obrazovanje i obrazovanje odraslih u podru\u010dju op\u0161tih strategija (u skladu sa preporukama Internacionalne konferencije obrazovanja odraslih na globalnom, regionalnom i nacionalnom nivou (CONFINTEA).<\/li>\n<li>Inkluzivno obrazovanje: se bazira na pravu svih na kvalitetno obrazovanje koje zadovoljava osnovne potrebe za u\u010denjem i oboga\u0107uje \u017eivot. Fokusiranjem prvenstveno na ranjive i marginalizirane skupine, te\u017ei se punom razvoju potencijala svakog pojedinca. Ranjive i marginalizirane skupine uklju\u010duju Rome, djecu sa ulice, djecu radnike, djecu vojnike, djecu sa onesposobljenjima, autohtone narode i ruralno stanovni\u0161tvo.<\/li>\n<li>Obrazovanje o HIV\/AIDS: UNESCO je vode\u0107a agencija za EDUCAIDS i UNAIDS Me\u0111uagencijski tim za obrazovanje, koji se smatra klju\u010dnim kombiniranim mehanizmom za programe prevencije, lije\u010denja, njege i potpore.<\/li>\n<li>Jezici u procesu obrazovanja: UNESCO dvojezi\u010dne ili vi\u0161ejezi\u010dne pristupe procesu obrazovanja uz uporabu maternjeg jezika kao va\u017ean faktor inkluzije i kvalitetnog obrazovanja.<\/li>\n<li>Znanost i tehnologija: Promovira multidisciplinarni pristup znanstvenom i tehnolo\u0161kom obrazovanju s posebnim naglaskom na osnovnim znanjima, vje\u0161tinama i informati\u010dkoj pismenosti za sve, u cilju pripreme za rad. U svijetu koji se brzo mijenja, znanstveno i tehnolo\u0161ko obrazovanje postaju va\u017ean instrument odr\u017eivog razvoja i redukcije siroma\u0161tva. S druge strane, obrazovni sustav se suo\u010davaju sa izazovima znanosti-tehnolo\u0161kog obrazovanja koje nije prilago\u0111eno modernim znanstvenim i tehnolo\u0161kim postignu\u0107ima i samim tim nije relavantno.<\/li>\n<\/ul>\n<\/li>\n<li><strong>Planiranje i upravljanje<\/strong>:\n<ul>\n<li>Obrazovanje u post-konfliktnim podru\u010djima i podru\u010djima pogo\u0111enim prirodnim katastrofama: 69 milijuna djece izvan \u0161kolskog sustava u cijelom svijetu \u017eivi u podru\u010djima pogo\u0111enim ratom ili prirodnim katastrofama. Postizanje ciljeva inicijative Obrazovanje za sve zahtijeva da se i za ovu djecu omogu\u0107i obrazovanje. UNESCO ima aktivnu ulogu u promoviranju obrazovanja kao dijela paketa pomo\u0107i ugro\u017eenim podru\u010djima koji doprinosi dugoro\u010dnom oporavku.<\/li>\n<li>Obrazovne politike i planiranje: UNESCO podr\u017eava zemlje \u010dlanice pri izradi odgovaraju\u0107ih obrazovnih politika i strategija putem tehni\u010dke potpore u izradi procedura i planova i mobilizacije donatora radi potpore nacionalnim obrazovnim prioritetima.<\/li>\n<\/ul>\n<\/li>\n<\/ul>\n<p>UNESCO Sektor za obrazovanje tako\u0111er vodi sljede\u0107e me\u0111unarodne inicijative i programe u podru\u010dju obrazovanja:<\/p>\n<p><strong>Program obrazovanja o klimatskim promjenama za odr\u017eivi razvoj (Climate Change Education for Sustainable Development)<\/strong> ima za cilj da obrazovanje o klimatskim promjenama uklju\u010di u me\u0111unarodni odgovor na promjene izazvane njima. Program poma\u017ee ljudima da shvate utjecaj globalnog zagrijavanja i da se pove\u0107a \u201eklimatska pismenost\u201c kod mladih. UNESCO ovaj program provodi u okviru UN Dekade obrazovanja za odr\u017eivi razvoj (DESD).<\/p>\n<p><strong>UN Dekada obrazovanja za odr\u017eivi razvoj (DESD) 2005-2014 <\/strong>ima za cilj da vrijednosti koje su bitne za ostvarenje odr\u017eivog razvoja uklju\u010di u sve aspekte obrazovanja. Osnovni cilj je da se ohrabre promjene u pona\u0161anju koje \u0107e dovesti do stvaranja odr\u017eivog i pravednog dru\u0161tva za sve.<\/p>\n<p><strong>Obrazovanje za odr\u017eivi razvoj (Education for Sustainable Development \u2013 ESD)<\/strong> nije zaseban program ili projekt, ve\u0107 okvir koji obuhvata mnoge postoje\u0107e forme obrazovanja kao i one koje tek treba kreirati. ESD promovira napore da se obrazovni programi i sustavi ponovo razmotre (i metodologija i sadr\u017eaj). Uklju\u010duje sve aspekte obrazovanja: zakonodavni okvir, procedure, finaciranje, nastavni plan i program, uputstva, u\u010denje, ocjenivanje, itd. Mnogi programi koriste ESD pristup u\u010denju radi postizanja odr\u017eivosti. ESD pristupi obrazovanju podrazumijevaju teme kao \u0161to su: biodiverzitet, klimatske promjene, kulturna raznolikost, znanja autohtonih naroda, smanjenje rizika od katastrofa, smanjenje siroma\u0161tva, rodna jednakost, mir i sigurnost, vode, odr\u017eiva urbanizacija, itd.<\/p>\n<p>U okviru UNESCO Sektora za obrazovanje se vode i brojne globalne mre\u017ee od kojih izdvajamo:<\/p>\n<p>ASP net \u2013 UNESCO mre\u017ea udru\u017eenih \u0161kola je mre\u017ea obrazovnih institucija iz cijelog svijeta osnovana 1953. godine u okviru koje \u0161kole sura\u0111uju na izgradnji mira, razumijevanja, interkulturalnog dijaloga i odr\u017eivog obrazovanja.<\/p>\n<p>UNITWIN mre\u017ea je program koji se bavi povezivanjem sveu\u010dili\u0161ta po\u010dev od 1992. godine.<\/p>\n<p>UNEVOC je mre\u017ea institucija specijaliziranih za tehni\u010dko i stru\u010dno obrazovanje i obuku.<\/p>\n<p>ALADIN je dokumentacijsko-informacijska mre\u017ea obrazovanja odraslih koja podr\u017eava umre\u017eavanje i izgradnju kapaciteta dokumentacijskih sredi\u0161ta i knji\u017enica specijaliziranih za obrazovanje odraslih i opismenjavanje.<\/p>\n<p>INESM je me\u0111uagencijska mre\u017ea za simulaciju obrazovnih modela.<\/p>\n<p>Kao dio UNESCO-ovog obrazovnog programa formirano je vi\u0161e globalnih i regionalnih sredi\u0161ta za podru\u010dje obrazovanja. Regionalno sredi\u0161te koji je nadle\u017ean za na\u0161 region je CEPES \u2013 Europsko sredi\u0161te za visoko obrazovanje koji se nalazi u Rumunjskoj. Globalna UNESCO obrazovna sredi\u0161ta su:<\/p>\n<ul>\n<li><strong>Me\u0111unarodni biro za obrazovanje (IBE)<\/strong> u \u017denevi se bavi razvojem nastavnog plana i programa i obrazovnih sadr\u017eaja;<\/li>\n<li><strong>Me\u0111unarodni institut za obrazovno planiranje (IIEP)<\/strong> u Parizu se bavi izradom, planiranjem i upravljanjem obrazovnim sustavima;<\/li>\n<li><strong>Institut za cjelo\u017eivotno u\u010denje (UIL) <\/strong>u Hamburgu se bavi promocijom pismenosti, neformalnog obrazovanja i cjelo\u017eivotnog u\u010denja;<\/li>\n<li><strong>Institut za informacione tehnologije u obrazovanju (IITE)<\/strong> u Moskvi se bavi kori\u0161tenjem informacijskih tehnologija u procesu obrazovanja;<\/li>\n<li><strong>Me\u0111unarodni centar za tehni\u010dko i stru\u010dno obrazovanje i obuku (UNEVOC)<\/strong> u Bonu se bavi pobolj\u0161anjem obrazovanja u skladu sa potrebama tr\u017ei\u0161ta rada;<\/li>\n<li><strong>UNESCO Institut za statistiku<\/strong> <strong>(UIS)<\/strong> u Montrealu prikuplja statisti\u010dke podatke koji odra\u017eavaju potrebe u podru\u010dju obrazovanja.<\/li>\n<\/ul>\n<p>Me\u0111unarodne nagrade koje se dodijeljuju za postignu\u0107a u podru\u010dju obrazovanja su: nagrada Kralj Hamad Bin Isa Al Khalifa za upotrebu informacionih tehnologija u obrazovnom procesu, nagrada Emir Jaber Al Hamad Al Jaber za promociju kvalitete obrazovanja osoba sa intelektualnim pote\u0161ko\u0107ama, nagrada Hamdan Bin Rashid Al-Maktoum za izuzetna postignu\u0107a u pobolj\u0161anju efikasnosti nastavnika, zatim me\u0111unarodne nagrade za pismenost, za obrazovanje o miru i Bilbao nagrada za kulturu ljudskih prava (biv\u0161i naziv: za obrazovanje o ljudskim pravima).<\/p>\n<p>UNESCO link za edukaciju <a class=\"fb-icon-element-1 fb-icon-element fontawesome-icon fa-link fas circle-no fusion-text-flow fusion-link icon-hover-animation-pulsate\" style=\"--awb-font-size:16px;--awb-margin-right:8px;\" href=\"https:\/\/www.unesco.org\/en\/education\" target=\"_blank\" aria-label=\"Link to https:\/\/www.unesco.org\/en\/education\" rel=\"noopener noreferrer\"><\/a>.<\/p>\n<\/div><\/div><\/div><div class=\"fusion-layout-column fusion_builder_column fusion-builder-column-1 awb-sticky awb-sticky-small awb-sticky-medium awb-sticky-large fusion_builder_column_1_4 1_4 fusion-flex-column\" style=\"--awb-padding-top:50px;--awb-padding-right:20px;--awb-padding-bottom:10px;--awb-padding-left:50px;--awb-overflow:hidden;--awb-bg-color:var(--awb-color3);--awb-bg-color-hover:var(--awb-color3);--awb-bg-size:cover;--awb-border-color:var(--awb-color5);--awb-border-left:3px;--awb-border-style:solid;--awb-border-radius:0px 0px 90px 0px;--awb-width-large:25%;--awb-margin-top-large:0px;--awb-spacing-right-large:7.68%;--awb-margin-bottom-large:20px;--awb-spacing-left-large:7.68%;--awb-width-medium:25%;--awb-order-medium:0;--awb-spacing-right-medium:7.68%;--awb-spacing-left-medium:7.68%;--awb-width-small:100%;--awb-order-small:0;--awb-spacing-right-small:1.92%;--awb-spacing-left-small:1.92%;\" data-scroll-devices=\"small-visibility,medium-visibility,large-visibility\"><div class=\"fusion-column-wrapper fusion-column-has-shadow fusion-flex-justify-content-flex-start fusion-content-layout-column\"><div class=\"fusion-image-element \" style=\"--awb-caption-title-font-family:var(--h2_typography-font-family);--awb-caption-title-font-weight:var(--h2_typography-font-weight);--awb-caption-title-font-style:var(--h2_typography-font-style);--awb-caption-title-size:var(--h2_typography-font-size);--awb-caption-title-transform:var(--h2_typography-text-transform);--awb-caption-title-line-height:var(--h2_typography-line-height);--awb-caption-title-letter-spacing:var(--h2_typography-letter-spacing);\"><span class=\" has-fusion-standard-logo fusion-imageframe imageframe-none imageframe-1 hover-type-none\"><img decoding=\"async\" src=\"https:\/\/unescobih.mcp.gov.ba\/wp-content\/uploads\/2025\/08\/unesco_logo_hr_ba.svg\" srcset=\"https:\/\/unescobih.mcp.gov.ba\/wp-content\/uploads\/2025\/08\/unesco_logo_hr_ba.svg 1x\" retina_url=\"\" class=\"img-responsive fusion-standard-logo\" alt=\"UNESCO BiH Logo\" \/><\/span><\/div><div class=\"fusion-separator fusion-has-icon fusion-full-width-sep\" style=\"align-self: center;margin-left: auto;margin-right: auto;margin-top:50px;margin-bottom:20px;width:100%;\"><div class=\"fusion-separator-border sep-single sep-solid\" style=\"--awb-height:20px;--awb-amount:20px;border-color:var(--awb-color3);border-top-width:1px;\"><\/div><span class=\"icon-wrapper\" style=\"border-color:var(--awb-color3);background-color:rgba(255,255,255,0);font-size:18px;width: 1.75em; height: 1.75em;border-width:1px;padding:1px;margin-top:-0.5px\"><i class=\"fa-link fas\" style=\"font-size: inherit;color:var(--awb-color5);\" aria-hidden=\"true\"><\/i><\/span><div class=\"fusion-separator-border sep-single sep-solid\" style=\"--awb-height:20px;--awb-amount:20px;border-color:var(--awb-color3);border-top-width:1px;\"><\/div><\/div><nav class=\"awb-menu awb-menu_column awb-menu_em-hover mobile-mode-collapse-to-button awb-menu_icons-left awb-menu_dc-yes mobile-trigger-fullwidth-off awb-menu_mobile-toggle awb-menu_indent-left mobile-size-full-absolute loading mega-menu-loading awb-menu_desktop awb-menu_arrows-main awb-menu_dropdown awb-menu_expand-right awb-menu_transition-fade\" style=\"--awb-main-justify-content:flex-start;--awb-mobile-justify:flex-start;--awb-mobile-caret-left:auto;--awb-mobile-caret-right:0;--awb-fusion-font-family-typography:inherit;--awb-fusion-font-style-typography:normal;--awb-fusion-font-weight-typography:400;--awb-fusion-font-family-submenu-typography:inherit;--awb-fusion-font-style-submenu-typography:normal;--awb-fusion-font-weight-submenu-typography:400;--awb-fusion-font-family-mobile-typography:inherit;--awb-fusion-font-style-mobile-typography:normal;--awb-fusion-font-weight-mobile-typography:400;\" aria-label=\"Mandat Menu\" data-breakpoint=\"1024\" data-count=\"0\" data-transition-type=\"fade\" data-transition-time=\"300\" data-expand=\"right\"><button type=\"button\" class=\"awb-menu__m-toggle awb-menu__m-toggle_no-text\" aria-expanded=\"false\" aria-controls=\"menu-mandat-menu\"><span class=\"awb-menu__m-toggle-inner\"><span class=\"collapsed-nav-text\"><span class=\"screen-reader-text\">Toggle Navigation<\/span><\/span><span class=\"awb-menu__m-collapse-icon awb-menu__m-collapse-icon_no-text\"><span class=\"awb-menu__m-collapse-icon-open awb-menu__m-collapse-icon-open_no-text fa-bars fas\"><\/span><span class=\"awb-menu__m-collapse-icon-close awb-menu__m-collapse-icon-close_no-text fa-times fas\"><\/span><\/span><\/span><\/button><ul id=\"menu-mandat-menu-hr\" class=\"fusion-menu awb-menu__main-ul awb-menu__main-ul_column\"><li  id=\"menu-item-1442\"  class=\"menu-item menu-item-type-post_type menu-item-object-page menu-item-1442 awb-menu__li awb-menu__main-li awb-menu__main-li_regular\"  data-item-id=\"1442\"><span class=\"awb-menu__main-background-default awb-menu__main-background-default_fade\"><\/span><span class=\"awb-menu__main-background-active awb-menu__main-background-active_fade\"><\/span><a  href=\"https:\/\/unescobih.mcp.gov.ba\/hr\/mandat-unesco-a\/\" class=\"awb-menu__main-a awb-menu__main-a_regular\"><span class=\"menu-text\">Mandat UNESCO-a<\/span><\/a><\/li><li  id=\"menu-item-1443\"  class=\"menu-item menu-item-type-post_type menu-item-object-page menu-item-1443 awb-menu__li awb-menu__main-li awb-menu__main-li_regular\"  data-item-id=\"1443\"><span class=\"awb-menu__main-background-default awb-menu__main-background-default_fade\"><\/span><span class=\"awb-menu__main-background-active awb-menu__main-background-active_fade\"><\/span><a  href=\"https:\/\/unescobih.mcp.gov.ba\/hr\/mandat-unesco-a\/kultura\/\" class=\"awb-menu__main-a awb-menu__main-a_regular\"><span class=\"menu-text\">Kultura<\/span><\/a><\/li><li  id=\"menu-item-1444\"  class=\"menu-item menu-item-type-post_type menu-item-object-page menu-item-1444 awb-menu__li awb-menu__main-li awb-menu__main-li_regular\"  data-item-id=\"1444\"><span class=\"awb-menu__main-background-default awb-menu__main-background-default_fade\"><\/span><span class=\"awb-menu__main-background-active awb-menu__main-background-active_fade\"><\/span><a  href=\"https:\/\/unescobih.mcp.gov.ba\/hr\/mandat-unesco-a\/obrazovanje\/\" class=\"awb-menu__main-a awb-menu__main-a_regular\"><span class=\"menu-text\">Obrazovanje<\/span><\/a><\/li><li  id=\"menu-item-1445\"  class=\"menu-item menu-item-type-post_type menu-item-object-page menu-item-1445 awb-menu__li awb-menu__main-li awb-menu__main-li_regular\"  data-item-id=\"1445\"><span class=\"awb-menu__main-background-default awb-menu__main-background-default_fade\"><\/span><span class=\"awb-menu__main-background-active awb-menu__main-background-active_fade\"><\/span><a  href=\"https:\/\/unescobih.mcp.gov.ba\/hr\/mandat-unesco-a\/informacije-i-komunikacije\/\" class=\"awb-menu__main-a awb-menu__main-a_regular\"><span class=\"menu-text\">Informacije i komunikacije<\/span><\/a><\/li><li  id=\"menu-item-1446\"  class=\"menu-item menu-item-type-post_type menu-item-object-page menu-item-1446 awb-menu__li awb-menu__main-li awb-menu__main-li_regular\"  data-item-id=\"1446\"><span class=\"awb-menu__main-background-default awb-menu__main-background-default_fade\"><\/span><span class=\"awb-menu__main-background-active awb-menu__main-background-active_fade\"><\/span><a  href=\"https:\/\/unescobih.mcp.gov.ba\/hr\/znanost\/\" class=\"awb-menu__main-a awb-menu__main-a_regular\"><span class=\"menu-text\">Znanost<\/span><\/a><\/li><\/ul><\/nav><div class=\"fusion-separator fusion-has-icon fusion-full-width-sep\" style=\"align-self: center;margin-left: auto;margin-right: auto;margin-top:20px;margin-bottom:50px;width:100%;\"><div class=\"fusion-separator-border sep-single sep-solid\" style=\"--awb-height:20px;--awb-amount:20px;border-color:var(--awb-color3);border-top-width:1px;\"><\/div><span class=\"icon-wrapper\" style=\"border-color:var(--awb-color3);background-color:rgba(255,255,255,0);font-size:18px;width: 1.75em; height: 1.75em;border-width:1px;padding:1px;margin-top:-0.5px\"><i class=\"fa-link fas\" style=\"font-size: inherit;color:var(--awb-color5);\" aria-hidden=\"true\"><\/i><\/span><div class=\"fusion-separator-border sep-single sep-solid\" style=\"--awb-height:20px;--awb-amount:20px;border-color:var(--awb-color3);border-top-width:1px;\"><\/div><\/div><\/div><\/div>\n<\/div><\/div>\n","protected":false},"excerpt":{"rendered":"","protected":false},"author":1,"featured_media":0,"parent":45,"menu_order":1,"comment_status":"closed","ping_status":"closed","template":"100-width.php","meta":{"footnotes":""},"class_list":["post-129","page","type-page","status-publish","hentry"],"_links":{"self":[{"href":"https:\/\/unescobih.mcp.gov.ba\/hr\/wp-json\/wp\/v2\/pages\/129","targetHints":{"allow":["GET"]}}],"collection":[{"href":"https:\/\/unescobih.mcp.gov.ba\/hr\/wp-json\/wp\/v2\/pages"}],"about":[{"href":"https:\/\/unescobih.mcp.gov.ba\/hr\/wp-json\/wp\/v2\/types\/page"}],"author":[{"embeddable":true,"href":"https:\/\/unescobih.mcp.gov.ba\/hr\/wp-json\/wp\/v2\/users\/1"}],"replies":[{"embeddable":true,"href":"https:\/\/unescobih.mcp.gov.ba\/hr\/wp-json\/wp\/v2\/comments?post=129"}],"version-history":[{"count":0,"href":"https:\/\/unescobih.mcp.gov.ba\/hr\/wp-json\/wp\/v2\/pages\/129\/revisions"}],"up":[{"embeddable":true,"href":"https:\/\/unescobih.mcp.gov.ba\/hr\/wp-json\/wp\/v2\/pages\/45"}],"wp:attachment":[{"href":"https:\/\/unescobih.mcp.gov.ba\/hr\/wp-json\/wp\/v2\/media?parent=129"}],"curies":[{"name":"wp","href":"https:\/\/api.w.org\/{rel}","templated":true}]}}