{"id":118,"date":"2025-08-07T09:59:39","date_gmt":"2025-08-07T09:59:39","guid":{"rendered":"https:\/\/unescobih.mcp.gov.ba\/mandat-unesco-a\/kultura\/"},"modified":"2025-11-11T12:39:58","modified_gmt":"2025-11-11T12:39:58","slug":"kultura","status":"publish","type":"page","link":"https:\/\/unescobih.mcp.gov.ba\/hr\/mandat-unesco-a\/kultura\/","title":{"rendered":"Kultura"},"content":{"rendered":"<div class=\"fusion-fullwidth fullwidth-box fusion-builder-row-1 fusion-flex-container has-pattern-background has-mask-background nonhundred-percent-fullwidth non-hundred-percent-height-scrolling\" style=\"--awb-border-radius-top-left:0px;--awb-border-radius-top-right:0px;--awb-border-radius-bottom-right:0px;--awb-border-radius-bottom-left:0px;--awb-flex-wrap:wrap;\" ><div class=\"fusion-builder-row fusion-row fusion-flex-align-items-flex-start fusion-flex-content-wrap\" style=\"max-width:1456px;margin-left: calc(-4% \/ 2 );margin-right: calc(-4% \/ 2 );\"><div class=\"fusion-layout-column fusion_builder_column fusion-builder-column-0 fusion_builder_column_3_4 3_4 fusion-flex-column\" style=\"--awb-bg-size:cover;--awb-width-large:75%;--awb-margin-top-large:0px;--awb-spacing-right-large:2.56%;--awb-margin-bottom-large:20px;--awb-spacing-left-large:2.56%;--awb-width-medium:75%;--awb-order-medium:0;--awb-spacing-right-medium:2.56%;--awb-spacing-left-medium:2.56%;--awb-width-small:100%;--awb-order-small:0;--awb-spacing-right-small:1.92%;--awb-spacing-left-small:1.92%;\"><div class=\"fusion-column-wrapper fusion-column-has-shadow fusion-flex-justify-content-flex-start fusion-content-layout-column\"><div class=\"fusion-text fusion-text-1\"><p class=\"uvod\">UNESCO smatra da su kulturna raznolikost i interkulturalni dijalog naju\u010dinkovitija sredstva za postizanje blagostanja i mira u okviru izazova koje nam donosi globalizacija. Organizacija je posve\u0107ena za\u0161titi i promociji svjetske materijalne i nematerijalne kulturne ba\u0161tine kako bi to blago bilo o\u010duvano za budu\u0107e generacije u kontekstu odr\u017eivog razvoja.<\/p>\n<p>Provo\u0111enje aktivnosti sektora kulture u okviru konteksta UNESCO-vog strate\u0161kog planiranja kao i upravljanje koje se temelji na rezultatima grupirani su u pet glavnih linija akcije:<\/p>\n<ul>\n<li>Za\u0161tita i konzervacija nepokretne kulturne i prirodne ba\u0161tine kroz u\u010dinkovitu provedbu Konvencije o svjetskoj ba\u0161tini,<\/li>\n<li>O\u010duvanje \u017eivog naslije\u0111a, posebno kroz promociju i provedbu Konvencije iz 2003. godine,<\/li>\n<li>Ja\u010danje za\u0161tite i borba protiv nezakonitog uvoza i izvoza kulturnih dobara kroz provedbu Konvencija iz 1970. i 2011. godine,<\/li>\n<li>Za\u0161tita i promocija raznolikosti kulturnih izraza kroz provedbu Konvencije iz 2005. godine i razvoj kulturnih i kreativnih industrija,<\/li>\n<li>Integracija interkulturalnog dijaloga i kulturne raznolikosti u nacionalne politike.<\/li>\n<\/ul>\n<p>Pravni instrumenti omogu\u0107uju u\u010dinkovitiju za\u0161titu svih vidova kulture. UNESCO je u proteklom razdoblju izradio sedam va\u017enih konvencija iz podru\u010dja kulture koje pru\u017eaju u\u010dinkovit me\u0111unarodni okvir za\u0161tite i uvo\u0111enja standarda radi promocije i za\u0161tite razli\u010ditih oblika kulture. Bosna i Hercegovina je ratificirala sve navedene konvencije, kako slijedi:<\/p>\n<ul>\n<li>Konvencija o za\u0161titi i promociji raznolikosti kulturnih izraza (2005)<\/li>\n<li>Konvencija o za\u0161titi nematerijalne kulturne ba\u0161tine (2003)<\/li>\n<li>Konvencija o za\u0161titi podvodne kulturne ba\u0161tine (2001)<\/li>\n<li>Konvencija o za\u0161titi svjetske kulturne i prirodne ba\u0161tine (1972) o Svjetska (univerzalna) konvencija o autorskim pravima (1952, 1971)<\/li>\n<li>Konvencija o mjerama zabrane i spre\u010davanja nedopu\u0161tenog uvoza, izvoza i prijenosa vlasni\u0161tva kulturnih dobara (1970)<\/li>\n<li>Konvencija za za\u0161titu kulturnih dobara u slu\u010daju oru\u017eanog sukoba \u2013 Ha\u0161ka konvencija, I protokol (1954) i II protokol (1999)<\/li>\n<\/ul>\n<p><strong>Programska oblast kulture, preko UNESCO Sektora za kulturu realizira aktivnosti u okviru sljede\u0107ih tema:<\/strong><\/p>\n<ul>\n<li><strong>Kulturna raznolikost: <\/strong>Za\u0161tita razli\u010ditih aspekata kulturne raznolikosti predstavlja izazov za dru\u0161tvo. Ovom dimenzijom kulturne raznolikosti se bavi UNESCO Konvencija za za\u0161titu i promicanje raznolikosti kulturnih izraza iz 2005. godine.<\/li>\n<li><strong>Kultura i razvoj: <\/strong>Postavljanje kulture u sredi\u0161te razvojnih politika je klju\u010dna investicija za budu\u0107nost i preduvjet da se u procesu globalizacije vodi ra\u010duna o principima kulturne raznolikosti. Misija UNESCO-a je da dr\u017eave \u010dlanice stalno podsje\u0107a na ovu va\u017enu temu.<\/li>\n<li><strong>Svjetska kulturna i prirodna ba\u0161tina:<\/strong> Od 1972. godine kada je usvojena Konvencija za za\u0161titu svjetske kulturne i prirodne ba\u0161tine do dana\u0161njeg dana na <strong><a href=\"http:\/\/whc.unesco.org\/en\/254\" target=\"_blank\" rel=\"noopener\">Listu svjetske ba\u0161tine<\/a><\/strong> je upisano 936 dobara (725 kulturnih, 183 prirodnih i 28 mje\u0161ovitih). U skladu s ovom konvencijom, upisana dobra predstavljaju dio svjetske ba\u0161tine s izuzetnom univerzalnom vrijedno\u0161\u0107u. Upisana dobra iz Bosne i Hercegovine na UNESCO-ovoj Listi svjetske ba\u0161tine su most Mehmed-pa\u0161e Sokolovi\u0107a u Vi\u0161egradu i podru\u010dje Starog mosta starog grada Mostara. Osim toga, na tentativnoj listi dobara koje zemlja mo\u017ee nominirati u narednom razdoblju, nalazi se jo\u0161 devet dobara iz BiH.<\/li>\n<li><strong>Nematerijalna kulturna ba\u0161tina:<\/strong> za\u0161tita nematerijalne kulturne ba\u0161tine provodi se pod okriljem Konvencije o o\u010duvanju nematerijalne kulturne ba\u0161tine. Nematerijalna kulturna ba\u0161tina je definirana kao: prakse, prijedlozi, izrazi, vje\u0161tine kao i svi povezani instrumenti, objekti, umjetni\u010dki proizvodi i kulturni prostori koje zajednice, grupe a u nekim slu\u010dajevima i pojedinci priznaju kao dio svog kulturnog naslije\u0111a. Kao takva, ispoljava se u sljede\u0107im domenima:\n<ul>\n<li>a) usmene tradicije i izra\u017eavanja<\/li>\n<li>b) umjetnost izvo\u0111enja<\/li>\n<li>c) dru\u0161tvene prakse, rituali i sve\u010dani doga\u0111aji<\/li>\n<li>d) znanje i prakse vezane za univerzum<\/li>\n<li>e) tradicionalni zanati.<\/li>\n<\/ul>\n<p>U svrhu za\u0161tite ove vrste kulturne ba\u0161tine, uspostavljena je Reprezentativna lista nematerijalne kulturne ba\u0161tine \u010dovje\u010danstva, kao i Lista nematerijalne kulturne ba\u0161tine kojoj je potrebna hitna za\u0161tita.<\/li>\n<li><strong>Podvodna kulturna ba\u0161tina:<\/strong> ozna\u010dava svaki trag ljudskog postojanja kulturnog, povijesnog ili arheolo\u0161kog karaktera koji se nalazi ili se nalazio pod vodom. Konvencija o za\u0161titi podvodne kulturne ba\u0161tine iz 2001. godine bavi se o\u010duvanjem i za\u0161titom ove vrste kulturne ba\u0161tine \u010dovje\u010danstva.<\/li>\n<li><strong>Pokretna kulturna ba\u0161tina i muzeji: <\/strong>Muzeji omogu\u0107uju integrativni pristup kulturnoj ba\u0161tini i predstavljaju kontinuitet veza izme\u0111u stvaranja i naslije\u0111a. UNESCO strategija u ovoj oblasti je fokusirana na pomo\u0107 muzejima i muzejskom osoblju u najnerazvijenijim zemljama svijeta, posebno u Africi, kao i zemljama ugro\u017eenim sukobima ili prirodnim katastrofama u cilju o\u010duvanja muzejskih postavki i pru\u017eanjem obuke o najnovijim profesionalnim standardima za\u0161tite. Za ovu oblast su posebno zna\u010dajne Ha\u0161ka konvencija za za\u0161titu kulturnih dobara u slu\u010daju oru\u017eanog sukoba i Konvencija o mjerama zabrane i spre\u010davanja nedozvoljenog uvoza, izvoza i prijenosa vlasni\u0161tva kulturnih dobara.<\/li>\n<li><strong>Kreativnost: <\/strong>Poticanjem raznolikosti i suvremenog stvarala\u0161tva, UNESCO nastoji osigurati jednak pristup razvojnim mogu\u0107nostima koje pru\u017eaju kreativne industrije ja\u010danjem lokalnih tr\u017ei\u0161ta i omogu\u0107avanjem pristupa me\u0111unarodnim tr\u017ei\u0161tima, posebno u okviru procesa suradnje Sjever-Jug i Jug-Jug. U podru\u010dju kulturnih industrija u koje spadaju zanatstvo, dizajn, izdava\u0161tvo, filmska i glazbena industrija pru\u017ea se stru\u010dna podr\u0161ka kroz suradnju izme\u0111u javnog i privatnog sektora.<\/li>\n<li><strong>Dijalog:<\/strong> Kulturni dijalog u kontekstu procesa globalizacije i trenutne politi\u010dke klime u svijetu dobio je novu dimenziju. Jedna od osnovnih misija UNESCO-a je da osigura slobodu izra\u017eavanja svih kultura svijeta. U tom kontekstu provode se brojne aktivnosti na iniciranju interkulturalnog dijaloga, te je npr. 2010. godina progla\u0161ena godinom pribli\u017eavanja kultura, u okviru koje je UNESCO kao vode\u0107a agencija u okviru UNESCO sustava proveo brojne aktivnosti.<\/li>\n<\/ul>\n<p>Baze podataka koje se vode u okviru UNESCO sektora za kulturu su:<\/p>\n<ul>\n<li><a href=\"http:\/\/whc.unesco.org\/en\/list\/\" target=\"_blank\" rel=\"noopener\">Lista svjetske ba\u0161tine<\/a><\/li>\n<li><a href=\"http:\/\/www.unesco.org\/culture\/ich\/index.php?lg=EN&amp;pg=00107\" target=\"_blank\" rel=\"noopener\">Lista nematerijalne kulturne ba\u0161tine<\/a><\/li>\n<li><a href=\"http:\/\/www.unesco.org\/culture\/natlaws\/index.php?&amp;lng=en\" target=\"_blank\" rel=\"noopener\">Baza nacionalne legislative za podru\u010dje kulturne ba\u0161tine<\/a><\/li>\n<li><a href=\"https:\/\/www.unesco.org\/xtrans\/bsform.aspx?\" target=\"_blank\" rel=\"noopener\">Svjetska bibliografija prijevoda Index translationum<\/a><\/li>\n<li><a href=\"http:\/\/www.unesco.org\/culture\/languages-atlas\/\" target=\"_blank\" rel=\"noopener\">Atlas ugro\u017eenih jezika<\/a><\/li>\n<\/ul>\n<p>Misija i aktivnosti UNESCO-a u podru\u010dju kulture promoviraju se putem mre\u017ee UNESCO Ambasadora dobre volje.<\/p>\n<p>Kompletnu listu mo\u017eete pogledati na ovom linku <a class=\"fb-icon-element-1 fb-icon-element fontawesome-icon fa-link fas circle-no fusion-text-flow fusion-link icon-hover-animation-pulsate\" style=\"--awb-font-size:16px;--awb-margin-right:8px;\" href=\"https:\/\/www.unesco.org\/en\/partnerships\/goodwill-ambassadors\" target=\"_blank\" aria-label=\"Link to https:\/\/www.unesco.org\/en\/partnerships\/goodwill-ambassadors\" rel=\"noopener noreferrer\"><\/a>.<\/p>\n<p>U podru\u010dju kulture UNESCO dodjeljuje i sljede\u0107e nagrade: Design 21 \u2013 Me\u0111unarodno natjecanje za mlade dizajnere, me\u0111unarodnu nagradu Melina Merkuri za o\u010duvanje i upravljanje kulturnim pejza\u017eima i UNESCO Sharjah nagradu za arapsku kulturu.<\/p>\n<p data-start=\"659\" data-end=\"731\"><strong data-start=\"667\" data-end=\"731\">UNESCO Institute for Statistics (UIS) \u2013 Culture Data Browser<\/strong><\/p>\n<p data-start=\"732\" data-end=\"1002\">Interaktivni preglednik koji vam omogu\u0107uje filtriranje, vizualizaciju i preuzimanje podataka o kulturi (vi\u0161e od 6\u202f455 podataka i 31 indikator \u2014 a\u017eurirano 23. velja\u010de 2025.). Link za pregled <span class=\"\" data-state=\"closed\"><span class=\"ms-1 inline-flex max-w-full items-center relative top-&#091;-0.094rem&#093; animate-invalid_tags_codes_0|\"><span class=\"relative start-0 bottom-0 flex h-full w-full items-center\"><span class=\"flex h-4 w-full items-center justify-between overflow-hidden\"><span class=\"max-w-full grow truncate overflow-hidden text-center\">UIS Data Browser<\/span><\/span><\/span> <a class=\"fb-icon-element-2 fb-icon-element fontawesome-icon fa-link fas circle-no fusion-text-flow fusion-link icon-hover-animation-pulsate\" style=\"--awb-font-size:16px;--awb-margin-right:8px;\" href=\"https:\/\/databrowser.uis.unesco.org\/\" target=\"_blank\" aria-label=\"Link to https:\/\/databrowser.uis.unesco.org\/\" rel=\"noopener noreferrer\"><\/a>.<\/span><\/span><\/p>\n<\/div><\/div><\/div><div class=\"fusion-layout-column fusion_builder_column fusion-builder-column-1 awb-sticky awb-sticky-small awb-sticky-medium awb-sticky-large fusion_builder_column_1_4 1_4 fusion-flex-column\" style=\"--awb-padding-top:50px;--awb-padding-right:20px;--awb-padding-bottom:10px;--awb-padding-left:50px;--awb-overflow:hidden;--awb-bg-color:var(--awb-color3);--awb-bg-color-hover:var(--awb-color3);--awb-bg-size:cover;--awb-border-color:var(--awb-color5);--awb-border-left:3px;--awb-border-style:solid;--awb-border-radius:0px 0px 90px 0px;--awb-width-large:25%;--awb-margin-top-large:0px;--awb-spacing-right-large:7.68%;--awb-margin-bottom-large:20px;--awb-spacing-left-large:7.68%;--awb-width-medium:25%;--awb-order-medium:0;--awb-spacing-right-medium:7.68%;--awb-spacing-left-medium:7.68%;--awb-width-small:100%;--awb-order-small:0;--awb-spacing-right-small:1.92%;--awb-spacing-left-small:1.92%;\" data-scroll-devices=\"small-visibility,medium-visibility,large-visibility\"><div class=\"fusion-column-wrapper fusion-column-has-shadow fusion-flex-justify-content-flex-start fusion-content-layout-column\"><div class=\"fusion-image-element \" style=\"--awb-caption-title-font-family:var(--h2_typography-font-family);--awb-caption-title-font-weight:var(--h2_typography-font-weight);--awb-caption-title-font-style:var(--h2_typography-font-style);--awb-caption-title-size:var(--h2_typography-font-size);--awb-caption-title-transform:var(--h2_typography-text-transform);--awb-caption-title-line-height:var(--h2_typography-line-height);--awb-caption-title-letter-spacing:var(--h2_typography-letter-spacing);\"><span class=\" has-fusion-standard-logo fusion-imageframe imageframe-none imageframe-1 hover-type-none\"><img decoding=\"async\" src=\"https:\/\/unescobih.mcp.gov.ba\/wp-content\/uploads\/2025\/08\/unesco_logo_hr_ba.svg\" srcset=\"https:\/\/unescobih.mcp.gov.ba\/wp-content\/uploads\/2025\/08\/unesco_logo_hr_ba.svg 1x\" retina_url=\"\" class=\"img-responsive fusion-standard-logo\" alt=\"UNESCO BiH Logo\" \/><\/span><\/div><div class=\"fusion-separator fusion-has-icon fusion-full-width-sep\" style=\"align-self: center;margin-left: auto;margin-right: auto;margin-top:50px;margin-bottom:20px;width:100%;\"><div class=\"fusion-separator-border sep-single sep-solid\" style=\"--awb-height:20px;--awb-amount:20px;border-color:var(--awb-color3);border-top-width:1px;\"><\/div><span class=\"icon-wrapper\" style=\"border-color:var(--awb-color3);background-color:rgba(255,255,255,0);font-size:18px;width: 1.75em; height: 1.75em;border-width:1px;padding:1px;margin-top:-0.5px\"><i class=\"fa-link fas\" style=\"font-size: inherit;color:var(--awb-color5);\" aria-hidden=\"true\"><\/i><\/span><div class=\"fusion-separator-border sep-single sep-solid\" style=\"--awb-height:20px;--awb-amount:20px;border-color:var(--awb-color3);border-top-width:1px;\"><\/div><\/div><nav class=\"awb-menu awb-menu_column awb-menu_em-hover mobile-mode-collapse-to-button awb-menu_icons-left awb-menu_dc-yes mobile-trigger-fullwidth-off awb-menu_mobile-toggle awb-menu_indent-left mobile-size-full-absolute loading mega-menu-loading awb-menu_desktop awb-menu_arrows-main awb-menu_dropdown awb-menu_expand-right awb-menu_transition-fade\" style=\"--awb-main-justify-content:flex-start;--awb-mobile-justify:flex-start;--awb-mobile-caret-left:auto;--awb-mobile-caret-right:0;--awb-fusion-font-family-typography:inherit;--awb-fusion-font-style-typography:normal;--awb-fusion-font-weight-typography:400;--awb-fusion-font-family-submenu-typography:inherit;--awb-fusion-font-style-submenu-typography:normal;--awb-fusion-font-weight-submenu-typography:400;--awb-fusion-font-family-mobile-typography:inherit;--awb-fusion-font-style-mobile-typography:normal;--awb-fusion-font-weight-mobile-typography:400;\" aria-label=\"Mandat Menu\" data-breakpoint=\"1024\" data-count=\"0\" data-transition-type=\"fade\" data-transition-time=\"300\" data-expand=\"right\"><button type=\"button\" class=\"awb-menu__m-toggle awb-menu__m-toggle_no-text\" aria-expanded=\"false\" aria-controls=\"menu-mandat-menu\"><span class=\"awb-menu__m-toggle-inner\"><span class=\"collapsed-nav-text\"><span class=\"screen-reader-text\">Toggle Navigation<\/span><\/span><span class=\"awb-menu__m-collapse-icon awb-menu__m-collapse-icon_no-text\"><span class=\"awb-menu__m-collapse-icon-open awb-menu__m-collapse-icon-open_no-text fa-bars fas\"><\/span><span class=\"awb-menu__m-collapse-icon-close awb-menu__m-collapse-icon-close_no-text fa-times fas\"><\/span><\/span><\/span><\/button><ul id=\"menu-mandat-menu-hr\" class=\"fusion-menu awb-menu__main-ul awb-menu__main-ul_column\"><li  id=\"menu-item-1442\"  class=\"menu-item menu-item-type-post_type menu-item-object-page menu-item-1442 awb-menu__li awb-menu__main-li awb-menu__main-li_regular\"  data-item-id=\"1442\"><span class=\"awb-menu__main-background-default awb-menu__main-background-default_fade\"><\/span><span class=\"awb-menu__main-background-active awb-menu__main-background-active_fade\"><\/span><a  href=\"https:\/\/unescobih.mcp.gov.ba\/hr\/mandat-unesco-a\/\" class=\"awb-menu__main-a awb-menu__main-a_regular\"><span class=\"menu-text\">Mandat UNESCO-a<\/span><\/a><\/li><li  id=\"menu-item-1443\"  class=\"menu-item menu-item-type-post_type menu-item-object-page menu-item-1443 awb-menu__li awb-menu__main-li awb-menu__main-li_regular\"  data-item-id=\"1443\"><span class=\"awb-menu__main-background-default awb-menu__main-background-default_fade\"><\/span><span class=\"awb-menu__main-background-active awb-menu__main-background-active_fade\"><\/span><a  href=\"https:\/\/unescobih.mcp.gov.ba\/hr\/mandat-unesco-a\/kultura\/\" class=\"awb-menu__main-a awb-menu__main-a_regular\"><span class=\"menu-text\">Kultura<\/span><\/a><\/li><li  id=\"menu-item-1444\"  class=\"menu-item menu-item-type-post_type menu-item-object-page menu-item-1444 awb-menu__li awb-menu__main-li awb-menu__main-li_regular\"  data-item-id=\"1444\"><span class=\"awb-menu__main-background-default awb-menu__main-background-default_fade\"><\/span><span class=\"awb-menu__main-background-active awb-menu__main-background-active_fade\"><\/span><a  href=\"https:\/\/unescobih.mcp.gov.ba\/hr\/mandat-unesco-a\/obrazovanje\/\" class=\"awb-menu__main-a awb-menu__main-a_regular\"><span class=\"menu-text\">Obrazovanje<\/span><\/a><\/li><li  id=\"menu-item-1445\"  class=\"menu-item menu-item-type-post_type menu-item-object-page menu-item-1445 awb-menu__li awb-menu__main-li awb-menu__main-li_regular\"  data-item-id=\"1445\"><span class=\"awb-menu__main-background-default awb-menu__main-background-default_fade\"><\/span><span class=\"awb-menu__main-background-active awb-menu__main-background-active_fade\"><\/span><a  href=\"https:\/\/unescobih.mcp.gov.ba\/hr\/mandat-unesco-a\/informacije-i-komunikacije\/\" class=\"awb-menu__main-a awb-menu__main-a_regular\"><span class=\"menu-text\">Informacije i komunikacije<\/span><\/a><\/li><li  id=\"menu-item-1446\"  class=\"menu-item menu-item-type-post_type menu-item-object-page menu-item-1446 awb-menu__li awb-menu__main-li awb-menu__main-li_regular\"  data-item-id=\"1446\"><span class=\"awb-menu__main-background-default awb-menu__main-background-default_fade\"><\/span><span class=\"awb-menu__main-background-active awb-menu__main-background-active_fade\"><\/span><a  href=\"https:\/\/unescobih.mcp.gov.ba\/hr\/znanost\/\" class=\"awb-menu__main-a awb-menu__main-a_regular\"><span class=\"menu-text\">Znanost<\/span><\/a><\/li><\/ul><\/nav><div class=\"fusion-separator fusion-has-icon fusion-full-width-sep\" style=\"align-self: center;margin-left: auto;margin-right: auto;margin-top:20px;margin-bottom:50px;width:100%;\"><div class=\"fusion-separator-border sep-single sep-solid\" style=\"--awb-height:20px;--awb-amount:20px;border-color:var(--awb-color3);border-top-width:1px;\"><\/div><span class=\"icon-wrapper\" style=\"border-color:var(--awb-color3);background-color:rgba(255,255,255,0);font-size:18px;width: 1.75em; height: 1.75em;border-width:1px;padding:1px;margin-top:-0.5px\"><i class=\"fa-link fas\" style=\"font-size: inherit;color:var(--awb-color5);\" aria-hidden=\"true\"><\/i><\/span><div class=\"fusion-separator-border sep-single sep-solid\" style=\"--awb-height:20px;--awb-amount:20px;border-color:var(--awb-color3);border-top-width:1px;\"><\/div><\/div><\/div><\/div>\n<\/div><\/div>\n","protected":false},"excerpt":{"rendered":"","protected":false},"author":1,"featured_media":0,"parent":45,"menu_order":0,"comment_status":"closed","ping_status":"closed","template":"100-width.php","meta":{"footnotes":""},"class_list":["post-118","page","type-page","status-publish","hentry"],"_links":{"self":[{"href":"https:\/\/unescobih.mcp.gov.ba\/hr\/wp-json\/wp\/v2\/pages\/118","targetHints":{"allow":["GET"]}}],"collection":[{"href":"https:\/\/unescobih.mcp.gov.ba\/hr\/wp-json\/wp\/v2\/pages"}],"about":[{"href":"https:\/\/unescobih.mcp.gov.ba\/hr\/wp-json\/wp\/v2\/types\/page"}],"author":[{"embeddable":true,"href":"https:\/\/unescobih.mcp.gov.ba\/hr\/wp-json\/wp\/v2\/users\/1"}],"replies":[{"embeddable":true,"href":"https:\/\/unescobih.mcp.gov.ba\/hr\/wp-json\/wp\/v2\/comments?post=118"}],"version-history":[{"count":0,"href":"https:\/\/unescobih.mcp.gov.ba\/hr\/wp-json\/wp\/v2\/pages\/118\/revisions"}],"up":[{"embeddable":true,"href":"https:\/\/unescobih.mcp.gov.ba\/hr\/wp-json\/wp\/v2\/pages\/45"}],"wp:attachment":[{"href":"https:\/\/unescobih.mcp.gov.ba\/hr\/wp-json\/wp\/v2\/media?parent=118"}],"curies":[{"name":"wp","href":"https:\/\/api.w.org\/{rel}","templated":true}]}}